{"id":14686,"date":"2024-04-22T14:27:57","date_gmt":"2024-04-22T12:27:57","guid":{"rendered":"https:\/\/www.cinzento.nl\/?page_id=14686"},"modified":"2025-12-11T10:13:22","modified_gmt":"2025-12-11T09:13:22","slug":"pflege-holzboden","status":"publish","type":"page","link":"https:\/\/www.cinzento.nl\/de\/pflege-holzboden\/","title":{"rendered":"Pflege eines Holzbodens"},"content":{"rendered":"\t\t<div data-elementor-type=\"wp-page\" data-elementor-id=\"14686\" class=\"elementor elementor-14686 elementor-14685\" data-elementor-post-type=\"page\">\n\t\t\t\t\t\t<section class=\"elementor-section elementor-top-section elementor-element elementor-element-a0f675f elementor-section-height-min-height elementor-section-content-middle elementor-section-full_width elementor-section-height-default elementor-section-items-middle\" data-id=\"a0f675f\" data-element_type=\"section\" data-settings=\"{&quot;background_background&quot;:&quot;classic&quot;}\">\n\t\t\t\t\t\t\t<div class=\"elementor-background-overlay\"><\/div>\n\t\t\t\t\t\t\t<div class=\"elementor-container elementor-column-gap-default\">\n\t\t\t\t\t<div class=\"elementor-column elementor-col-100 elementor-top-column elementor-element elementor-element-ece33c1\" data-id=\"ece33c1\" data-element_type=\"column\">\n\t\t\t<div class=\"elementor-widget-wrap elementor-element-populated\">\n\t\t\t\t\t\t<div class=\"elementor-element elementor-element-37dd49f elementor-widget elementor-widget-heading\" data-id=\"37dd49f\" data-element_type=\"widget\" data-widget_type=\"heading.default\">\n\t\t\t\t\t<h1 class=\"elementor-heading-title elementor-size-xl\">Pflege eines Holzbodens<\/h1>\t\t\t\t<\/div>\n\t\t\t\t\t<\/div>\n\t\t<\/div>\n\t\t\t\t\t<\/div>\n\t\t<\/section>\n\t\t\t\t<section class=\"elementor-section elementor-top-section elementor-element elementor-element-22dc2e2 elementor-section-boxed elementor-section-height-default elementor-section-height-default\" data-id=\"22dc2e2\" data-element_type=\"section\">\n\t\t\t\t\t\t<div class=\"elementor-container elementor-column-gap-default\">\n\t\t\t\t\t<div class=\"elementor-column elementor-col-100 elementor-top-column elementor-element elementor-element-e11e43d\" data-id=\"e11e43d\" data-element_type=\"column\">\n\t\t\t<div class=\"elementor-widget-wrap elementor-element-populated\">\n\t\t\t\t\t\t<div class=\"elementor-element elementor-element-a33442c elementor-headline--style-highlight elementor-widget elementor-widget-animated-headline\" data-id=\"a33442c\" data-element_type=\"widget\" data-settings=\"{&quot;marker&quot;:&quot;underline&quot;,&quot;highlighted_text&quot;:&quot;leicht&quot;,&quot;headline_style&quot;:&quot;highlight&quot;,&quot;loop&quot;:&quot;yes&quot;,&quot;highlight_animation_duration&quot;:1200,&quot;highlight_iteration_delay&quot;:8000}\" data-widget_type=\"animated-headline.default\">\n\t\t\t\t\t\t\t<h2 class=\"elementor-headline\">\n\t\t\t\t\t<span class=\"elementor-headline-plain-text elementor-headline-text-wrapper\">Ein Holzboden ist<\/span>\n\t\t\t\t<span class=\"elementor-headline-dynamic-wrapper elementor-headline-text-wrapper\">\n\t\t\t\t\t<span class=\"elementor-headline-dynamic-text elementor-headline-text-active\">leicht<\/span>\n\t\t\t\t<\/span>\n\t\t\t\t\t<span class=\"elementor-headline-plain-text elementor-headline-text-wrapper\">zu pflegen<\/span>\n\t\t\t\t\t<\/h2>\n\t\t\t\t\t\t<\/div>\n\t\t\t\t<div class=\"elementor-element elementor-element-1bb880b elementor-widget-divider--view-line elementor-widget elementor-widget-divider\" data-id=\"1bb880b\" data-element_type=\"widget\" data-widget_type=\"divider.default\">\n\t\t\t\t\t\t\t<div class=\"elementor-divider\">\n\t\t\t<span class=\"elementor-divider-separator\">\n\t\t\t\t\t\t<\/span>\n\t\t<\/div>\n\t\t\t\t\t\t<\/div>\n\t\t\t\t<div class=\"elementor-element elementor-element-d885ecc elementor-widget elementor-widget-text-editor\" data-id=\"d885ecc\" data-element_type=\"widget\" data-widget_type=\"text-editor.default\">\n\t\t\t\t\t\t\t\t\t<p>Immer wieder h\u00f6rt man, dass ein Holzboden viel Pflege braucht. <strong>Dies ist jedoch nicht wahr!<\/strong> Ein Holzboden braucht nicht mehr Pflege als ein Boden aus einem anderen Material.\u00a0Um Ihren Holzboden in einem Top-Zustand zu halten, ist es jedoch wichtig, ihn richtig zu pflegen.<\/p><p>Bei Cinzento Custom Made\u00ae kennen wir die besonderen Anforderungen der verschiedenen Oberfl\u00e4chen. Deshalb bieten wir detaillierte Pflegeempfehlungen f\u00fcr ge\u00f6lte und lackierte Holzb\u00f6den. Klicken Sie auf die jeweilige Oberfl\u00e4che und lesen Sie mehr \u00fcber die spezifischen Pflegeempfehlungen.<\/p>\t\t\t\t\t\t\t\t<\/div>\n\t\t\t\t\t<\/div>\n\t\t<\/div>\n\t\t\t\t\t<\/div>\n\t\t<\/section>\n\t\t\t\t<section class=\"elementor-section elementor-top-section elementor-element elementor-element-6189cfd elementor-section-boxed elementor-section-height-default elementor-section-height-default\" data-id=\"6189cfd\" data-element_type=\"section\" data-settings=\"{&quot;background_background&quot;:&quot;classic&quot;}\">\n\t\t\t\t\t\t<div class=\"elementor-container elementor-column-gap-no\">\n\t\t\t\t\t<div class=\"elementor-column elementor-col-100 elementor-top-column elementor-element elementor-element-28471c5\" data-id=\"28471c5\" data-element_type=\"column\">\n\t\t\t<div class=\"elementor-widget-wrap elementor-element-populated\">\n\t\t\t\t\t\t<section class=\"elementor-section elementor-inner-section elementor-element elementor-element-85f68d9 elementor-section-boxed elementor-section-height-default elementor-section-height-default\" data-id=\"85f68d9\" data-element_type=\"section\">\n\t\t\t\t\t\t<div class=\"elementor-container elementor-column-gap-default\">\n\t\t\t\t\t<div class=\"elementor-column elementor-col-50 elementor-inner-column elementor-element elementor-element-947cb67\" data-id=\"947cb67\" data-element_type=\"column\" data-settings=\"{&quot;background_background&quot;:&quot;classic&quot;}\">\n\t\t\t<div class=\"elementor-widget-wrap elementor-element-populated\">\n\t\t\t\t\t\t<div class=\"elementor-element elementor-element-5462ac8 elementor-widget elementor-widget-heading\" data-id=\"5462ac8\" data-element_type=\"widget\" data-widget_type=\"heading.default\">\n\t\t\t\t\t<h2 class=\"elementor-heading-title elementor-size-large\">Ge\u00f6lte Holzb\u00f6den<\/h2>\t\t\t\t<\/div>\n\t\t\t\t<div class=\"elementor-element elementor-element-5367f92 elementor-widget elementor-widget-text-editor\" data-id=\"5367f92\" data-element_type=\"widget\" data-widget_type=\"text-editor.default\">\n\t\t\t\t\t\t\t\t\t<p>Erfahren Sie, wie Sie Ihren ge\u00f6lten Holzboden pflegen und ihn vor Abnutzung und Alterung sch\u00fctzen. So beh\u00e4lt das Holz sein warmes, nat\u00fcrliches Aussehen.\u00a0<\/p>\t\t\t\t\t\t\t\t<\/div>\n\t\t\t\t<div class=\"elementor-element elementor-element-32e4b32 elementor-align-center elementor-mobile-align-center elementor-widget elementor-widget-button\" data-id=\"32e4b32\" data-element_type=\"widget\" data-widget_type=\"button.default\">\n\t\t\t\t\t\t\t\t\t\t<a class=\"elementor-button elementor-button-link elementor-size-sm\" href=\"https:\/\/www.cinzento.nl\/de\/pflege-holzboden\/pflege-geolte-holzboden\/\">\n\t\t\t\t\t\t<span class=\"elementor-button-content-wrapper\">\n\t\t\t\t\t\t<span class=\"elementor-button-icon\">\n\t\t\t\t<i aria-hidden=\"true\" class=\"fas fa-info-circle\"><\/i>\t\t\t<\/span>\n\t\t\t\t\t\t\t\t\t<span class=\"elementor-button-text\">Pflegeempgehlungen f\u00fcr <b>ge\u00f6lte B\u00f6den<\/b><\/span>\n\t\t\t\t\t<\/span>\n\t\t\t\t\t<\/a>\n\t\t\t\t\t\t\t\t<\/div>\n\t\t\t\t\t<\/div>\n\t\t<\/div>\n\t\t\t\t<div class=\"elementor-column elementor-col-50 elementor-inner-column elementor-element elementor-element-75b719c\" data-id=\"75b719c\" data-element_type=\"column\" data-settings=\"{&quot;background_background&quot;:&quot;classic&quot;}\">\n\t\t\t<div class=\"elementor-widget-wrap elementor-element-populated\">\n\t\t\t\t\t\t<div class=\"elementor-element elementor-element-fd78d49 elementor-widget elementor-widget-heading\" data-id=\"fd78d49\" data-element_type=\"widget\" data-widget_type=\"heading.default\">\n\t\t\t\t\t<h2 class=\"elementor-heading-title elementor-size-large\">Lackierte Holzb\u00f6den<\/h2>\t\t\t\t<\/div>\n\t\t\t\t<div class=\"elementor-element elementor-element-aea86c4 elementor-widget elementor-widget-text-editor\" data-id=\"aea86c4\" data-element_type=\"widget\" data-widget_type=\"text-editor.default\">\n\t\t\t\t\t\t\t\t\t<p>Entdecken Sie die besten Methoden zur Pflege Ihres lackierten Fu\u00dfbodens, damit er sein nat\u00fcrliches Aussehen beh\u00e4lt und weiterhin vor Kratzern und Flecken gesch\u00fctzt ist, w\u00e4hrend er ein strahlendes Finish erh\u00e4lt.<\/p>\t\t\t\t\t\t\t\t<\/div>\n\t\t\t\t<div class=\"elementor-element elementor-element-83c143c elementor-align-center elementor-mobile-align-center elementor-widget elementor-widget-button\" data-id=\"83c143c\" data-element_type=\"widget\" data-widget_type=\"button.default\">\n\t\t\t\t\t\t\t\t\t\t<a class=\"elementor-button elementor-button-link elementor-size-sm\" href=\"https:\/\/www.cinzento.nl\/houten-vloer-onderhouden\/gelakte-vloer-onderhouden\/\">\n\t\t\t\t\t\t<span class=\"elementor-button-content-wrapper\">\n\t\t\t\t\t\t<span class=\"elementor-button-icon\">\n\t\t\t\t<i aria-hidden=\"true\" class=\"fas fa-info-circle\"><\/i>\t\t\t<\/span>\n\t\t\t\t\t\t\t\t\t<span class=\"elementor-button-text\">Pflegeempfehlungen f\u00fcr <b>lackierte B\u00f6den<\/b><\/span>\n\t\t\t\t\t<\/span>\n\t\t\t\t\t<\/a>\n\t\t\t\t\t\t\t\t<\/div>\n\t\t\t\t\t<\/div>\n\t\t<\/div>\n\t\t\t\t\t<\/div>\n\t\t<\/section>\n\t\t\t\t\t<\/div>\n\t\t<\/div>\n\t\t\t\t\t<\/div>\n\t\t<\/section>\n\t\t\t\t<section class=\"elementor-section elementor-top-section elementor-element elementor-element-abbb54b elementor-section-content-middle elementor-section-boxed elementor-section-height-default elementor-section-height-default\" data-id=\"abbb54b\" data-element_type=\"section\" data-settings=\"{&quot;shape_divider_bottom&quot;:&quot;triangle&quot;,&quot;background_background&quot;:&quot;classic&quot;}\">\n\t\t\t\t\t<div class=\"elementor-shape elementor-shape-bottom\" data-negative=\"false\">\n\t\t\t<svg xmlns=\"http:\/\/www.w3.org\/2000\/svg\" viewBox=\"0 0 1000 100\" preserveAspectRatio=\"none\">\n\t<path class=\"elementor-shape-fill\" d=\"M500,98.9L0,6.1V0h1000v6.1L500,98.9z\"\/>\n<\/svg>\t\t<\/div>\n\t\t\t\t\t<div class=\"elementor-container elementor-column-gap-default\">\n\t\t\t\t\t<div class=\"elementor-column elementor-col-100 elementor-top-column elementor-element elementor-element-81f4428\" data-id=\"81f4428\" data-element_type=\"column\">\n\t\t\t<div class=\"elementor-widget-wrap elementor-element-populated\">\n\t\t\t\t\t\t<div class=\"elementor-element elementor-element-e7d1db9 elementor-widget elementor-widget-spacer\" data-id=\"e7d1db9\" data-element_type=\"widget\" data-widget_type=\"spacer.default\">\n\t\t\t\t\t\t\t<div class=\"elementor-spacer\">\n\t\t\t<div class=\"elementor-spacer-inner\"><\/div>\n\t\t<\/div>\n\t\t\t\t\t\t<\/div>\n\t\t\t\t<div class=\"elementor-element elementor-element-25ce188 elementor-widget elementor-widget-heading\" data-id=\"25ce188\" data-element_type=\"widget\" data-widget_type=\"heading.default\">\n\t\t\t\t\t<h2 class=\"elementor-heading-title elementor-size-large\">Verwandt mit<\/h2>\t\t\t\t<\/div>\n\t\t\t\t\t<\/div>\n\t\t<\/div>\n\t\t\t\t\t<\/div>\n\t\t<\/section>\n\t\t\t\t<section class=\"elementor-section elementor-top-section elementor-element elementor-element-8a8fe39 elementor-section-boxed elementor-section-height-default elementor-section-height-default\" data-id=\"8a8fe39\" data-element_type=\"section\" data-settings=\"{&quot;background_background&quot;:&quot;classic&quot;,&quot;shape_divider_bottom&quot;:&quot;triangle&quot;}\">\n\t\t\t\t\t<div class=\"elementor-shape elementor-shape-bottom\" data-negative=\"false\">\n\t\t\t<svg xmlns=\"http:\/\/www.w3.org\/2000\/svg\" viewBox=\"0 0 1000 100\" preserveAspectRatio=\"none\">\n\t<path class=\"elementor-shape-fill\" d=\"M500,98.9L0,6.1V0h1000v6.1L500,98.9z\"\/>\n<\/svg>\t\t<\/div>\n\t\t\t\t\t<div class=\"elementor-container elementor-column-gap-wide\">\n\t\t\t\t\t<div class=\"elementor-column elementor-col-50 elementor-top-column elementor-element elementor-element-09adfe0 animated-fast elementor-invisible\" data-id=\"09adfe0\" data-element_type=\"column\" data-settings=\"{&quot;animation&quot;:&quot;fadeInLeft&quot;}\">\n\t\t\t<div class=\"elementor-widget-wrap elementor-element-populated\">\n\t\t\t\t\t\t<div class=\"elementor-element elementor-element-9edb723 elementor-cta--skin-cover elementor-cta--valign-middle elementor-animated-content elementor-widget elementor-widget-call-to-action\" data-id=\"9edb723\" data-element_type=\"widget\" data-widget_type=\"call-to-action.default\">\n\t\t\t\t\t\t\t<a class=\"elementor-cta\" href=\"https:\/\/www.cinzento.nl\/de\/holzboden-und-fussbodenheizung-eine-perfekte-kombination\/\">\n\t\t\t\t\t<div class=\"elementor-cta__bg-wrapper\">\n\t\t\t\t<div class=\"elementor-cta__bg elementor-bg\" style=\"background-image: url(https:\/\/www.cinzento.nl\/wp-content\/uploads\/2023\/03\/Vloerverwarming-e1676985421592-768x388.jpeg);\" role=\"img\" aria-label=\"vloerverwarming is perfect voor een houten vloer\"><\/div>\n\t\t\t\t<div class=\"elementor-cta__bg-overlay\"><\/div>\n\t\t\t<\/div>\n\t\t\t\t\t\t\t<div class=\"elementor-cta__content\">\n\t\t\t\t\n\t\t\t\t\t\t\t\t\t<h3 class=\"elementor-cta__title elementor-cta__content-item elementor-content-item elementor-animated-item--grow\">\n\t\t\t\t\t\tIst ein Holzboden f\u00fcr Fu\u00dfbodenheizung geeignet?\t\t\t\t\t<\/h3>\n\t\t\t\t\n\t\t\t\t\n\t\t\t\t\t\t\t<\/div>\n\t\t\t\t\t\t<\/a>\n\t\t\t\t\t\t<\/div>\n\t\t\t\t\t<\/div>\n\t\t<\/div>\n\t\t\t\t<div class=\"elementor-column elementor-col-50 elementor-top-column elementor-element elementor-element-403d8ba animated-fast elementor-invisible\" data-id=\"403d8ba\" data-element_type=\"column\" data-settings=\"{&quot;animation&quot;:&quot;fadeInRight&quot;}\">\n\t\t\t<div class=\"elementor-widget-wrap elementor-element-populated\">\n\t\t\t\t\t\t<div class=\"elementor-element elementor-element-c117f83 elementor-cta--skin-cover elementor-cta--valign-bottom elementor-animated-content elementor-widget elementor-widget-call-to-action\" data-id=\"c117f83\" data-element_type=\"widget\" data-widget_type=\"call-to-action.default\">\n\t\t\t\t\t\t\t<a class=\"elementor-cta\" href=\"https:\/\/www.cinzento.nl\/de\/healthy-home\/\">\n\t\t\t\t\t<div class=\"elementor-cta__bg-wrapper\">\n\t\t\t\t<div class=\"elementor-cta__bg elementor-bg\" style=\"background-image: url(https:\/\/www.cinzento.nl\/wp-content\/uploads\/2023\/03\/Healthy-Home-alles-over-houten-vloeren-5-1-1-768x384.jpg);\" role=\"img\" aria-label=\"Healthy-Home-alles-over-houten-vloeren-5-1-1.jpg\"><\/div>\n\t\t\t\t<div class=\"elementor-cta__bg-overlay\"><\/div>\n\t\t\t<\/div>\n\t\t\t\t\t\t\t<div class=\"elementor-cta__content\">\n\t\t\t\t\n\t\t\t\t\t\t\t\t\t<h3 class=\"elementor-cta__title elementor-cta__content-item elementor-content-item elementor-animated-item--grow\">\n\t\t\t\t\t\t<br><br><br><br><br>Healthy Home beginnt mit einem Holzboden\t\t\t\t\t<\/h3>\n\t\t\t\t\n\t\t\t\t\n\t\t\t\t\t\t\t<\/div>\n\t\t\t\t\t\t<\/a>\n\t\t\t\t\t\t<\/div>\n\t\t\t\t\t<\/div>\n\t\t<\/div>\n\t\t\t\t\t<\/div>\n\t\t<\/section>\n\t\t\t\t<\/div>\n\t\t","protected":false},"excerpt":{"rendered":"<p>Pflege eines Holzbodens Ein Holzboden ist leicht zu pflegen Immer wieder h\u00f6rt man, dass ein Holzboden viel Pflege braucht. Dies ist jedoch nicht wahr! Ein Holzboden braucht nicht mehr Pflege als ein Boden aus einem anderen Material.\u00a0Um Ihren Holzboden in einem Top-Zustand zu halten, ist es jedoch wichtig, ihn richtig zu pflegen. Bei Cinzento Custom [&hellip;]<\/p>\n","protected":false},"author":2,"featured_media":8820,"parent":0,"menu_order":0,"comment_status":"closed","ping_status":"closed","template":"","meta":{"footnotes":""},"class_list":["post-14686","page","type-page","status-publish","has-post-thumbnail","hentry"],"yoast_head":"<!-- This site is optimized with the Yoast SEO plugin v27.2 - https:\/\/yoast.com\/product\/yoast-seo-wordpress\/ -->\n<title>Pflege eines Holzbodens | Cinzento Custom Made\u00ae<\/title>\n<meta name=\"description\" content=\"Die Pflege eines Holzbodens ist einfach. Es ist jedoch wichtig, dass man es richtig macht. Hier finden Sie die Pflegehinweise.\" \/>\n<meta name=\"robots\" content=\"index, follow, max-snippet:-1, max-image-preview:large, max-video-preview:-1\" \/>\n<link rel=\"canonical\" href=\"https:\/\/www.cinzento.nl\/de\/pflege-holzboden\/\" \/>\n<meta property=\"og:locale\" content=\"de_DE\" \/>\n<meta property=\"og:type\" content=\"article\" \/>\n<meta property=\"og:title\" content=\"Pflege eines Holzbodens | Cinzento Custom Made\u00ae\" \/>\n<meta property=\"og:description\" content=\"Die Pflege eines Holzbodens ist einfach. Es ist jedoch wichtig, dass man es richtig macht. Hier finden Sie die Pflegehinweise.\" \/>\n<meta property=\"og:url\" content=\"https:\/\/www.cinzento.nl\/de\/pflege-holzboden\/\" \/>\n<meta property=\"og:site_name\" content=\"Cinzento Custom Made\" \/>\n<meta property=\"article:publisher\" content=\"https:\/\/www.facebook.com\/CinzentoCustomMade\" \/>\n<meta property=\"article:modified_time\" content=\"2025-12-11T09:13:22+00:00\" \/>\n<meta property=\"og:image\" content=\"https:\/\/www.cinzento.nl\/wp-content\/uploads\/2020\/12\/houten-vloer-stofzuigers-2-e1671617278744.jpg\" \/>\n\t<meta property=\"og:image:width\" content=\"525\" \/>\n\t<meta property=\"og:image:height\" content=\"520\" \/>\n\t<meta property=\"og:image:type\" content=\"image\/jpeg\" \/>\n<meta name=\"twitter:card\" content=\"summary_large_image\" \/>\n<script type=\"application\/ld+json\" class=\"yoast-schema-graph\">{\"@context\":\"https:\/\/schema.org\",\"@graph\":[{\"@type\":\"WebPage\",\"@id\":\"https:\/\/www.cinzento.nl\/de\/pflege-holzboden\/\",\"url\":\"https:\/\/www.cinzento.nl\/de\/pflege-holzboden\/\",\"name\":\"Pflege eines Holzbodens | Cinzento Custom Made\u00ae\",\"isPartOf\":{\"@id\":\"https:\/\/cinzento.nl\/#website\"},\"primaryImageOfPage\":{\"@id\":\"https:\/\/www.cinzento.nl\/de\/pflege-holzboden\/#primaryimage\"},\"image\":{\"@id\":\"https:\/\/www.cinzento.nl\/de\/pflege-holzboden\/#primaryimage\"},\"thumbnailUrl\":\"https:\/\/www.cinzento.nl\/wp-content\/uploads\/2020\/12\/houten-vloer-stofzuigers-2-e1671617278744.jpg\",\"datePublished\":\"2024-04-22T12:27:57+00:00\",\"dateModified\":\"2025-12-11T09:13:22+00:00\",\"description\":\"Die Pflege eines Holzbodens ist einfach. Es ist jedoch wichtig, dass man es richtig macht. Hier finden Sie die Pflegehinweise.\",\"breadcrumb\":{\"@id\":\"https:\/\/www.cinzento.nl\/de\/pflege-holzboden\/#breadcrumb\"},\"inLanguage\":\"de\",\"potentialAction\":[{\"@type\":\"ReadAction\",\"target\":[\"https:\/\/www.cinzento.nl\/de\/pflege-holzboden\/\"]}]},{\"@type\":\"ImageObject\",\"inLanguage\":\"de\",\"@id\":\"https:\/\/www.cinzento.nl\/de\/pflege-holzboden\/#primaryimage\",\"url\":\"https:\/\/www.cinzento.nl\/wp-content\/uploads\/2020\/12\/houten-vloer-stofzuigers-2-e1671617278744.jpg\",\"contentUrl\":\"https:\/\/www.cinzento.nl\/wp-content\/uploads\/2020\/12\/houten-vloer-stofzuigers-2-e1671617278744.jpg\",\"width\":525,\"height\":520,\"caption\":\"houten-vloer-stofzuigers\"},{\"@type\":\"BreadcrumbList\",\"@id\":\"https:\/\/www.cinzento.nl\/de\/pflege-holzboden\/#breadcrumb\",\"itemListElement\":[{\"@type\":\"ListItem\",\"position\":1,\"name\":\"Home\",\"item\":\"https:\/\/www.cinzento.nl\/de\/\"},{\"@type\":\"ListItem\",\"position\":2,\"name\":\"Pflege eines Holzbodens\"}]},{\"@type\":\"WebSite\",\"@id\":\"https:\/\/cinzento.nl\/#website\",\"url\":\"https:\/\/cinzento.nl\/\",\"name\":\"Cinzento Custom Made\u00ae\",\"description\":\"H\u00e8t merk voor exclusieve houten vloeren\",\"publisher\":{\"@id\":\"https:\/\/cinzento.nl\/#organization\"},\"alternateName\":\"Cinzento\",\"potentialAction\":[{\"@type\":\"SearchAction\",\"target\":{\"@type\":\"EntryPoint\",\"urlTemplate\":\"https:\/\/cinzento.nl\/?s={search_term_string}\"},\"query-input\":{\"@type\":\"PropertyValueSpecification\",\"valueRequired\":true,\"valueName\":\"search_term_string\"}}],\"inLanguage\":\"de\"},{\"@type\":\"Organization\",\"@id\":\"https:\/\/cinzento.nl\/#organization\",\"name\":\"Cinzento Custom Made\u00ae\",\"alternateName\":\"Cinzento\",\"url\":\"https:\/\/cinzento.nl\/\",\"logo\":{\"@type\":\"ImageObject\",\"inLanguage\":\"de\",\"@id\":\"https:\/\/cinzento.nl\/#\/schema\/logo\/image\/\",\"url\":\"https:\/\/www.cinzento.nl\/wp-content\/uploads\/2020\/11\/Cinzento-Logo.png\",\"contentUrl\":\"https:\/\/www.cinzento.nl\/wp-content\/uploads\/2020\/11\/Cinzento-Logo.png\",\"width\":1080,\"height\":433,\"caption\":\"Cinzento Custom Made\u00ae\"},\"image\":{\"@id\":\"https:\/\/cinzento.nl\/#\/schema\/logo\/image\/\"},\"sameAs\":[\"https:\/\/www.facebook.com\/CinzentoCustomMade\",\"https:\/\/www.instagram.com\/cinzentocustommade\/\",\"https:\/\/nl.pinterest.com\/Cinzentocustommade\/\",\"https:\/\/g.co\/kgs\/j5zwLTs\",\"https:\/\/www.wonen.nl\/bedrijf\/cinzento-custom-made\",\"https:\/\/www.hoog.design\/nl\/bedrijven\/cinzento-custom-made\"]}]}<\/script>\n<!-- \/ Yoast SEO plugin. -->","yoast_head_json":{"title":"Pflege eines Holzbodens | Cinzento Custom Made\u00ae","description":"Die Pflege eines Holzbodens ist einfach. Es ist jedoch wichtig, dass man es richtig macht. Hier finden Sie die Pflegehinweise.","robots":{"index":"index","follow":"follow","max-snippet":"max-snippet:-1","max-image-preview":"max-image-preview:large","max-video-preview":"max-video-preview:-1"},"canonical":"https:\/\/www.cinzento.nl\/de\/pflege-holzboden\/","og_locale":"de_DE","og_type":"article","og_title":"Pflege eines Holzbodens | Cinzento Custom Made\u00ae","og_description":"Die Pflege eines Holzbodens ist einfach. Es ist jedoch wichtig, dass man es richtig macht. Hier finden Sie die Pflegehinweise.","og_url":"https:\/\/www.cinzento.nl\/de\/pflege-holzboden\/","og_site_name":"Cinzento Custom Made","article_publisher":"https:\/\/www.facebook.com\/CinzentoCustomMade","article_modified_time":"2025-12-11T09:13:22+00:00","og_image":[{"width":525,"height":520,"url":"https:\/\/www.cinzento.nl\/wp-content\/uploads\/2020\/12\/houten-vloer-stofzuigers-2-e1671617278744.jpg","type":"image\/jpeg"}],"twitter_card":"summary_large_image","schema":{"@context":"https:\/\/schema.org","@graph":[{"@type":"WebPage","@id":"https:\/\/www.cinzento.nl\/de\/pflege-holzboden\/","url":"https:\/\/www.cinzento.nl\/de\/pflege-holzboden\/","name":"Pflege eines Holzbodens | Cinzento Custom Made\u00ae","isPartOf":{"@id":"https:\/\/cinzento.nl\/#website"},"primaryImageOfPage":{"@id":"https:\/\/www.cinzento.nl\/de\/pflege-holzboden\/#primaryimage"},"image":{"@id":"https:\/\/www.cinzento.nl\/de\/pflege-holzboden\/#primaryimage"},"thumbnailUrl":"https:\/\/www.cinzento.nl\/wp-content\/uploads\/2020\/12\/houten-vloer-stofzuigers-2-e1671617278744.jpg","datePublished":"2024-04-22T12:27:57+00:00","dateModified":"2025-12-11T09:13:22+00:00","description":"Die Pflege eines Holzbodens ist einfach. Es ist jedoch wichtig, dass man es richtig macht. Hier finden Sie die Pflegehinweise.","breadcrumb":{"@id":"https:\/\/www.cinzento.nl\/de\/pflege-holzboden\/#breadcrumb"},"inLanguage":"de","potentialAction":[{"@type":"ReadAction","target":["https:\/\/www.cinzento.nl\/de\/pflege-holzboden\/"]}]},{"@type":"ImageObject","inLanguage":"de","@id":"https:\/\/www.cinzento.nl\/de\/pflege-holzboden\/#primaryimage","url":"https:\/\/www.cinzento.nl\/wp-content\/uploads\/2020\/12\/houten-vloer-stofzuigers-2-e1671617278744.jpg","contentUrl":"https:\/\/www.cinzento.nl\/wp-content\/uploads\/2020\/12\/houten-vloer-stofzuigers-2-e1671617278744.jpg","width":525,"height":520,"caption":"houten-vloer-stofzuigers"},{"@type":"BreadcrumbList","@id":"https:\/\/www.cinzento.nl\/de\/pflege-holzboden\/#breadcrumb","itemListElement":[{"@type":"ListItem","position":1,"name":"Home","item":"https:\/\/www.cinzento.nl\/de\/"},{"@type":"ListItem","position":2,"name":"Pflege eines Holzbodens"}]},{"@type":"WebSite","@id":"https:\/\/cinzento.nl\/#website","url":"https:\/\/cinzento.nl\/","name":"Cinzento Custom Made\u00ae","description":"H\u00e8t merk voor exclusieve houten vloeren","publisher":{"@id":"https:\/\/cinzento.nl\/#organization"},"alternateName":"Cinzento","potentialAction":[{"@type":"SearchAction","target":{"@type":"EntryPoint","urlTemplate":"https:\/\/cinzento.nl\/?s={search_term_string}"},"query-input":{"@type":"PropertyValueSpecification","valueRequired":true,"valueName":"search_term_string"}}],"inLanguage":"de"},{"@type":"Organization","@id":"https:\/\/cinzento.nl\/#organization","name":"Cinzento Custom Made\u00ae","alternateName":"Cinzento","url":"https:\/\/cinzento.nl\/","logo":{"@type":"ImageObject","inLanguage":"de","@id":"https:\/\/cinzento.nl\/#\/schema\/logo\/image\/","url":"https:\/\/www.cinzento.nl\/wp-content\/uploads\/2020\/11\/Cinzento-Logo.png","contentUrl":"https:\/\/www.cinzento.nl\/wp-content\/uploads\/2020\/11\/Cinzento-Logo.png","width":1080,"height":433,"caption":"Cinzento Custom Made\u00ae"},"image":{"@id":"https:\/\/cinzento.nl\/#\/schema\/logo\/image\/"},"sameAs":["https:\/\/www.facebook.com\/CinzentoCustomMade","https:\/\/www.instagram.com\/cinzentocustommade\/","https:\/\/nl.pinterest.com\/Cinzentocustommade\/","https:\/\/g.co\/kgs\/j5zwLTs","https:\/\/www.wonen.nl\/bedrijf\/cinzento-custom-made","https:\/\/www.hoog.design\/nl\/bedrijven\/cinzento-custom-made"]}]}},"_links":{"self":[{"href":"https:\/\/www.cinzento.nl\/de\/wp-json\/wp\/v2\/pages\/14686","targetHints":{"allow":["GET"]}}],"collection":[{"href":"https:\/\/www.cinzento.nl\/de\/wp-json\/wp\/v2\/pages"}],"about":[{"href":"https:\/\/www.cinzento.nl\/de\/wp-json\/wp\/v2\/types\/page"}],"author":[{"embeddable":true,"href":"https:\/\/www.cinzento.nl\/de\/wp-json\/wp\/v2\/users\/2"}],"replies":[{"embeddable":true,"href":"https:\/\/www.cinzento.nl\/de\/wp-json\/wp\/v2\/comments?post=14686"}],"version-history":[{"count":20,"href":"https:\/\/www.cinzento.nl\/de\/wp-json\/wp\/v2\/pages\/14686\/revisions"}],"predecessor-version":[{"id":18632,"href":"https:\/\/www.cinzento.nl\/de\/wp-json\/wp\/v2\/pages\/14686\/revisions\/18632"}],"wp:featuredmedia":[{"embeddable":true,"href":"https:\/\/www.cinzento.nl\/de\/wp-json\/wp\/v2\/media\/8820"}],"wp:attachment":[{"href":"https:\/\/www.cinzento.nl\/de\/wp-json\/wp\/v2\/media?parent=14686"}],"curies":[{"name":"wp","href":"https:\/\/api.w.org\/{rel}","templated":true}]}}