{"id":15789,"date":"2024-07-23T15:19:10","date_gmt":"2024-07-23T13:19:10","guid":{"rendered":"https:\/\/www.cinzento.nl\/?page_id=15789"},"modified":"2025-08-20T10:38:33","modified_gmt":"2025-08-20T08:38:33","slug":"dutch-design","status":"publish","type":"page","link":"https:\/\/www.cinzento.nl\/de\/uber-uns\/dutch-design\/","title":{"rendered":"Dutch Design"},"content":{"rendered":"\t\t<div data-elementor-type=\"wp-page\" data-elementor-id=\"15789\" class=\"elementor elementor-15789 elementor-15788\" data-elementor-post-type=\"page\">\n\t\t\t\t\t\t<header class=\"elementor-section elementor-top-section elementor-element elementor-element-4eaa965 elementor-section-full_width elementor-section-content-middle elementor-section-height-default elementor-section-height-default\" data-id=\"4eaa965\" data-element_type=\"section\" data-settings=\"{&quot;background_background&quot;:&quot;classic&quot;}\">\n\t\t\t\t\t\t\t<div class=\"elementor-background-overlay\"><\/div>\n\t\t\t\t\t\t\t<div class=\"elementor-container elementor-column-gap-default\">\n\t\t\t\t\t<div class=\"elementor-column elementor-col-100 elementor-top-column elementor-element elementor-element-d453413\" data-id=\"d453413\" data-element_type=\"column\">\n\t\t\t<div class=\"elementor-widget-wrap elementor-element-populated\">\n\t\t\t\t\t\t<div class=\"elementor-element elementor-element-943e3a1 elementor-widget elementor-widget-spacer\" data-id=\"943e3a1\" data-element_type=\"widget\" data-widget_type=\"spacer.default\">\n\t\t\t\t\t\t\t<div class=\"elementor-spacer\">\n\t\t\t<div class=\"elementor-spacer-inner\"><\/div>\n\t\t<\/div>\n\t\t\t\t\t\t<\/div>\n\t\t\t\t\t<\/div>\n\t\t<\/div>\n\t\t\t\t\t<\/div>\n\t\t<\/header>\n\t\t\t\t<section class=\"elementor-section elementor-top-section elementor-element elementor-element-b23b722 elementor-section-boxed elementor-section-height-default elementor-section-height-default\" data-id=\"b23b722\" data-element_type=\"section\">\n\t\t\t\t\t\t<div class=\"elementor-container elementor-column-gap-default\">\n\t\t\t\t\t<div class=\"elementor-column elementor-col-50 elementor-top-column elementor-element elementor-element-5a82f5c\" data-id=\"5a82f5c\" data-element_type=\"column\">\n\t\t\t<div class=\"elementor-widget-wrap elementor-element-populated\">\n\t\t\t\t\t\t<div class=\"elementor-element elementor-element-862d84d elementor-widget elementor-widget-image\" data-id=\"862d84d\" data-element_type=\"widget\" data-widget_type=\"image.default\">\n\t\t\t\t\t\t\t\t\t\t\t\t\t\t\t<img fetchpriority=\"high\" decoding=\"async\" width=\"768\" height=\"278\" src=\"https:\/\/www.cinzento.nl\/wp-content\/uploads\/2024\/07\/CinzentoDutchDesignZWART-1-768x278.png\" class=\"attachment-medium_large size-medium_large wp-image-15872\" alt=\"Dutch design logo\" srcset=\"https:\/\/www.cinzento.nl\/wp-content\/uploads\/2024\/07\/CinzentoDutchDesignZWART-1-768x278.png 768w, https:\/\/www.cinzento.nl\/wp-content\/uploads\/2024\/07\/CinzentoDutchDesignZWART-1-300x109.png 300w, https:\/\/www.cinzento.nl\/wp-content\/uploads\/2024\/07\/CinzentoDutchDesignZWART-1-2048x741.png 2048w, https:\/\/www.cinzento.nl\/wp-content\/uploads\/2024\/07\/CinzentoDutchDesignZWART-1-1536x556.png 1536w\" sizes=\"(max-width: 768px) 100vw, 768px\" \/>\t\t\t\t\t\t\t\t\t\t\t\t\t\t\t<\/div>\n\t\t\t\t\t<\/div>\n\t\t<\/div>\n\t\t\t\t<div class=\"elementor-column elementor-col-50 elementor-top-column elementor-element elementor-element-ed96426\" data-id=\"ed96426\" data-element_type=\"column\">\n\t\t\t<div class=\"elementor-widget-wrap elementor-element-populated\">\n\t\t\t\t\t\t<div class=\"elementor-element elementor-element-e286871 elementor-hidden-tablet elementor-hidden-mobile elementor-widget elementor-widget-heading\" data-id=\"e286871\" data-element_type=\"widget\" data-widget_type=\"heading.default\">\n\t\t\t\t\t<h1 class=\"elementor-heading-title elementor-size-large\">Dutch Design<\/h1>\t\t\t\t<\/div>\n\t\t\t\t<div class=\"elementor-element elementor-element-a3040b5 elementor-widget elementor-widget-text-editor\" data-id=\"a3040b5\" data-element_type=\"widget\" data-widget_type=\"text-editor.default\">\n\t\t\t\t\t\t\t\t\t<p>Wir von Cinzento Custom Made\u00ae glauben an die Kraft der Innovation, der Kreativit\u00e4t und der lokalen Handwerkskunst. In unseren Begriffen steht &#8222;Dutch Design&#8220; neben unserem Logo, das f\u00fcr ein Versprechen steht: Holzb\u00f6den von h\u00f6chster Qualit\u00e4t, entworfen und gefertigt in den Niederlanden.<\/p>\t\t\t\t\t\t\t\t<\/div>\n\t\t\t\t\t<\/div>\n\t\t<\/div>\n\t\t\t\t\t<\/div>\n\t\t<\/section>\n\t\t\t\t<section class=\"elementor-section elementor-top-section elementor-element elementor-element-b8d2815 elementor-section-boxed elementor-section-height-default elementor-section-height-default\" data-id=\"b8d2815\" data-element_type=\"section\" data-settings=\"{&quot;background_background&quot;:&quot;classic&quot;}\">\n\t\t\t\t\t\t<div class=\"elementor-container elementor-column-gap-default\">\n\t\t\t\t\t<div class=\"elementor-column elementor-col-100 elementor-top-column elementor-element elementor-element-bc2281d\" data-id=\"bc2281d\" data-element_type=\"column\">\n\t\t\t<div class=\"elementor-widget-wrap elementor-element-populated\">\n\t\t\t\t\t\t<div class=\"elementor-element elementor-element-e0d299c elementor-widget elementor-widget-spacer\" data-id=\"e0d299c\" data-element_type=\"widget\" data-widget_type=\"spacer.default\">\n\t\t\t\t\t\t\t<div class=\"elementor-spacer\">\n\t\t\t<div class=\"elementor-spacer-inner\"><\/div>\n\t\t<\/div>\n\t\t\t\t\t\t<\/div>\n\t\t\t\t\t<\/div>\n\t\t<\/div>\n\t\t\t\t\t<\/div>\n\t\t<\/section>\n\t\t\t\t<section class=\"elementor-section elementor-top-section elementor-element elementor-element-771279f elementor-section-boxed elementor-section-height-default elementor-section-height-default\" data-id=\"771279f\" data-element_type=\"section\" data-settings=\"{&quot;background_background&quot;:&quot;classic&quot;}\">\n\t\t\t\t\t\t<div class=\"elementor-container elementor-column-gap-default\">\n\t\t\t\t\t<div class=\"elementor-column elementor-col-50 elementor-top-column elementor-element elementor-element-508155a\" data-id=\"508155a\" data-element_type=\"column\">\n\t\t\t<div class=\"elementor-widget-wrap elementor-element-populated\">\n\t\t\t\t\t\t<div class=\"elementor-element elementor-element-7264e4a elementor-widget elementor-widget-heading\" data-id=\"7264e4a\" data-element_type=\"widget\" data-widget_type=\"heading.default\">\n\t\t\t\t\t<h2 class=\"elementor-heading-title elementor-size-large\"><b>INNOVATION<\/b> UND <b>KREATIVIT\u00c4T<\/b><\/h2>\t\t\t\t<\/div>\n\t\t\t\t<div class=\"elementor-element elementor-element-3113aa2 elementor-widget elementor-widget-text-editor\" data-id=\"3113aa2\" data-element_type=\"widget\" data-widget_type=\"text-editor.default\">\n\t\t\t\t\t\t\t\t\t<p style=\"text-align: right;\">Dutch Design bedeutet, dass unsere Holzb\u00f6den mit gr\u00f6\u00dfter Sorgfalt und Aufmerksamkeit in den Niederlanden hergestellt werden. <a href=\"https:\/\/www.rijksoverheid.nl\/onderwerpen\/ondernemen-en-innovatie\/rijksoverheid-stimuleert-innovatie#:~:text=Nederland%20is%20goed%20in%20innoveren,2020%20van%20de%20Europese%20Commissie.\">Die Niederl\u00e4nder sind bekannt f\u00fcr ihren innovativen Geist<\/a> und kreativen Designansatz. Dies spiegelt sich in den progressiven Farben und Behandlungen wider, die in den Niederlanden entwickelt werden. Bei <a href=\"https:\/\/www.cinzento.nl\/de\/uber-uns\/\">Cinzento Custom Made\u00ae<\/a> haben wir immer ein Auge auf die neuesten Trends und Entwicklungen, um Holzb\u00f6den anbieten zu k\u00f6nnen, die mit der aktuellen Mode und den Einrichtungstrends \u00fcbereinstimmen. Unsere in den Niederlanden entwickelten <a href=\"https:\/\/www.cinzento.nl\/de\/uber-uns\/unsere-behandlungen\/\">Behandlungen<\/a> spiegeln die Kreativit\u00e4t und Innovation wider, f\u00fcr welche die Niederlande bekannt sind.<\/p>\t\t\t\t\t\t\t\t<\/div>\n\t\t\t\t<div class=\"elementor-element elementor-element-b34b85e elementor-widget elementor-widget-heading\" data-id=\"b34b85e\" data-element_type=\"widget\" data-widget_type=\"heading.default\">\n\t\t\t\t\t<h2 class=\"elementor-heading-title elementor-size-large\"><b>HANDWERKSKUNST<\/b> AUS DEN NIEDERLANDEN<\/h2>\t\t\t\t<\/div>\n\t\t\t\t<div class=\"elementor-element elementor-element-1a8ecf3 elementor-widget elementor-widget-text-editor\" data-id=\"1a8ecf3\" data-element_type=\"widget\" data-widget_type=\"text-editor.default\">\n\t\t\t\t\t\t\t\t\t<p style=\"text-align: right;\">Vom ersten Entwurf bis zur Endbearbeitung wird jeder Aspekt des Prozesses von erfahrenen Handwerkern ausgef\u00fchrt, die stolz auf ihr Handwerk sind. Dies gew\u00e4hrleistet nicht nur ein Produkt von au\u00dfergew\u00f6hnlicher Qualit\u00e4t, sondern auch einen Holzboden, der mit Liebe und Leidenschaft ist hergestellt worden. Dies erlaubt uns, unsere Holzb\u00f6den als wirklich exklusiv zu bezeichnen.<\/p>\t\t\t\t\t\t\t\t<\/div>\n\t\t\t\t\t<\/div>\n\t\t<\/div>\n\t\t\t\t<div class=\"elementor-column elementor-col-50 elementor-top-column elementor-element elementor-element-698e018\" data-id=\"698e018\" data-element_type=\"column\">\n\t\t\t<div class=\"elementor-widget-wrap elementor-element-populated\">\n\t\t\t\t\t\t<div class=\"elementor-element elementor-element-bb2c839 elementor-widget elementor-widget-image\" data-id=\"bb2c839\" data-element_type=\"widget\" data-widget_type=\"image.default\">\n\t\t\t\t\t\t\t\t\t\t\t\t\t\t\t\t<a href=\"https:\/\/www.cinzento.nl\/wp-content\/uploads\/2024\/07\/Cube-scaled-1.jpg\" data-elementor-open-lightbox=\"yes\" data-e-action-hash=\"#elementor-action%3Aaction%3Dlightbox%26settings%3DeyJpZCI6MTU4NzUsInVybCI6Imh0dHBzOlwvXC93d3cuY2luemVudG8ubmxcL3dwLWNvbnRlbnRcL3VwbG9hZHNcLzIwMjRcLzA3XC9DdWJlLXNjYWxlZC0xLmpwZyJ9\">\n\t\t\t\t\t\t\t<img decoding=\"async\" width=\"800\" height=\"425\" src=\"https:\/\/www.cinzento.nl\/wp-content\/uploads\/2024\/07\/Cube-scaled-1-2048x1089.jpg\" class=\"attachment-large size-large wp-image-15875\" alt=\"Ambachtelijke andere patronen\" srcset=\"https:\/\/www.cinzento.nl\/wp-content\/uploads\/2024\/07\/Cube-scaled-1-2048x1089.jpg 2048w, https:\/\/www.cinzento.nl\/wp-content\/uploads\/2024\/07\/Cube-scaled-1-300x159.jpg 300w, https:\/\/www.cinzento.nl\/wp-content\/uploads\/2024\/07\/Cube-scaled-1-768x408.jpg 768w, https:\/\/www.cinzento.nl\/wp-content\/uploads\/2024\/07\/Cube-scaled-1-1536x817.jpg 1536w\" sizes=\"(max-width: 800px) 100vw, 800px\" \/>\t\t\t\t\t\t\t\t<\/a>\n\t\t\t\t\t\t\t\t\t\t\t\t\t\t\t<\/div>\n\t\t\t\t\t<\/div>\n\t\t<\/div>\n\t\t\t\t\t<\/div>\n\t\t<\/section>\n\t\t\t\t<section class=\"elementor-section elementor-top-section elementor-element elementor-element-95b4fba elementor-section-boxed elementor-section-height-default elementor-section-height-default\" data-id=\"95b4fba\" data-element_type=\"section\" data-settings=\"{&quot;background_background&quot;:&quot;classic&quot;}\">\n\t\t\t\t\t\t<div class=\"elementor-container elementor-column-gap-default\">\n\t\t\t\t\t<div class=\"elementor-column elementor-col-100 elementor-top-column elementor-element elementor-element-c0b10fa\" data-id=\"c0b10fa\" data-element_type=\"column\" data-settings=\"{&quot;background_background&quot;:&quot;classic&quot;}\">\n\t\t\t<div class=\"elementor-widget-wrap elementor-element-populated\">\n\t\t\t\t\t\t<div class=\"elementor-element elementor-element-4c087c3 elementor-widget elementor-widget-heading\" data-id=\"4c087c3\" data-element_type=\"widget\" data-widget_type=\"heading.default\">\n\t\t\t\t\t<h3 class=\"elementor-heading-title elementor-size-large\">Qualit\u00e4t in <b>jedem<\/b> Detail<\/h3>\t\t\t\t<\/div>\n\t\t\t\t<div class=\"elementor-element elementor-element-a6c2265 elementor-widget elementor-widget-text-editor\" data-id=\"a6c2265\" data-element_type=\"widget\" data-widget_type=\"text-editor.default\">\n\t\t\t\t\t\t\t\t\t<p style=\"text-align: left;\">Unser Engagement f\u00fcr Qualit\u00e4t beginnt schon bei der Auswahl des Holzes. Wir w\u00e4hlen nur das beste Eichenholz, das f\u00fcr seine Haltbarkeit und Sch\u00f6nheit bekannt ist. Der gr\u00f6\u00dfte Teil dieses Eichenholzes ist au\u00dferdem <a href=\"https:\/\/www.cinzento.nl\/de\/healthy-home\/fsc-zertifiziert\/\">FSC\u00ae-zertifiziert<\/a>. Das Holz durchl\u00e4uft dann einen sorgf\u00e4ltig kontrollierten Verarbeitungs- und Veredelungsprozess, bei dem moderne Technologien mit traditionellen Techniken kombiniert werden. Das Ergebnis sind B\u00f6den, die nicht nur sch\u00f6n anzusehen sind, sondern auch den Test der Zeit bestehen.<\/p>\t\t\t\t\t\t\t\t<\/div>\n\t\t\t\t<div class=\"elementor-element elementor-element-d68dd07 elementor-widget elementor-widget-heading\" data-id=\"d68dd07\" data-element_type=\"widget\" data-widget_type=\"heading.default\">\n\t\t\t\t\t<h3 class=\"elementor-heading-title elementor-size-large\">Geringerer <b>\u00f6kologischer<\/b> Fu\u00dfabdruck<\/h3>\t\t\t\t<\/div>\n\t\t\t\t<div class=\"elementor-element elementor-element-c0b4d76 elementor-widget elementor-widget-text-editor\" data-id=\"c0b4d76\" data-element_type=\"widget\" data-widget_type=\"text-editor.default\">\n\t\t\t\t\t\t\t\t\t<p style=\"text-align: left;\">Da unsere Holzb\u00f6den vor Ort verarbeitet werden, haben wir einen geringeren \u00f6kologischen Fu\u00dfabdruck und eine bessere Kontrolle \u00fcber den Produktionsprozess. Unsere Handwerker stellen sicher, dass jeder Boden die h\u00f6chsten Standards entspricht. So k\u00f6nnen Sie sich an einem Produkt erfreuen, das sowohl umweltfreundlich als auch von h\u00f6chster Qualit\u00e4t ist. <a href=\"https:\/\/www.cinzento.nl\/de\/healthy-home\/\">Lesen Sie mehr dar\u00fcber auf unserer Seite Gesundes Zuhause<\/a>.<\/p>\t\t\t\t\t\t\t\t<\/div>\n\t\t\t\t\t<\/div>\n\t\t<\/div>\n\t\t\t\t\t<\/div>\n\t\t<\/section>\n\t\t\t\t<\/div>\n\t\t","protected":false},"excerpt":{"rendered":"<p>Dutch Design Wir von Cinzento Custom Made\u00ae glauben an die Kraft der Innovation, der Kreativit\u00e4t und der lokalen Handwerkskunst. In unseren Begriffen steht &#8222;Dutch Design&#8220; neben unserem Logo, das f\u00fcr ein Versprechen steht: Holzb\u00f6den von h\u00f6chster Qualit\u00e4t, entworfen und gefertigt in den Niederlanden. INNOVATION UND KREATIVIT\u00c4T Dutch Design bedeutet, dass unsere Holzb\u00f6den mit gr\u00f6\u00dfter Sorgfalt [&hellip;]<\/p>\n","protected":false},"author":2,"featured_media":15795,"parent":9262,"menu_order":0,"comment_status":"closed","ping_status":"closed","template":"","meta":{"footnotes":""},"class_list":["post-15789","page","type-page","status-publish","has-post-thumbnail","hentry"],"yoast_head":"<!-- This site is optimized with the Yoast SEO plugin v27.2 - https:\/\/yoast.com\/product\/yoast-seo-wordpress\/ -->\n<title>Dutch Design | Cinzento Custom Made\u00ae<\/title>\n<meta name=\"description\" content=\"Dutch Design bedeutet, dass unsere Holzb\u00f6den mit gr\u00f6\u00dfter Sorgfalt und Aufmerksamkeit in den Niederlanden hergestellt werden. Lesen Sie mehr..\" \/>\n<meta name=\"robots\" content=\"index, follow, max-snippet:-1, max-image-preview:large, max-video-preview:-1\" \/>\n<link rel=\"canonical\" href=\"https:\/\/www.cinzento.nl\/de\/uber-uns\/dutch-design\/\" \/>\n<meta property=\"og:locale\" content=\"de_DE\" \/>\n<meta property=\"og:type\" content=\"article\" \/>\n<meta property=\"og:title\" content=\"Dutch Design | Cinzento Custom Made\u00ae\" \/>\n<meta property=\"og:description\" content=\"Dutch Design bedeutet, dass unsere Holzb\u00f6den mit gr\u00f6\u00dfter Sorgfalt und Aufmerksamkeit in den Niederlanden hergestellt werden. Lesen Sie mehr..\" \/>\n<meta property=\"og:url\" content=\"https:\/\/www.cinzento.nl\/de\/uber-uns\/dutch-design\/\" \/>\n<meta property=\"og:site_name\" content=\"Cinzento Custom Made\" \/>\n<meta property=\"article:publisher\" content=\"https:\/\/www.facebook.com\/CinzentoCustomMade\" \/>\n<meta property=\"article:modified_time\" content=\"2025-08-20T08:38:33+00:00\" \/>\n<meta property=\"og:image\" content=\"https:\/\/cinzento.nl\/wp-content\/uploads\/2024\/07\/Uitgelicht-Dutch-Design-scaled.jpg\" \/>\n\t<meta property=\"og:image:width\" content=\"2560\" \/>\n\t<meta property=\"og:image:height\" content=\"2560\" \/>\n\t<meta property=\"og:image:type\" content=\"image\/jpeg\" \/>\n<meta name=\"twitter:card\" content=\"summary_large_image\" \/>\n<script type=\"application\/ld+json\" class=\"yoast-schema-graph\">{\"@context\":\"https:\/\/schema.org\",\"@graph\":[{\"@type\":\"WebPage\",\"@id\":\"https:\/\/www.cinzento.nl\/de\/uber-uns\/dutch-design\/\",\"url\":\"https:\/\/www.cinzento.nl\/de\/uber-uns\/dutch-design\/\",\"name\":\"Dutch Design | Cinzento Custom Made\u00ae\",\"isPartOf\":{\"@id\":\"https:\/\/cinzento.nl\/#website\"},\"primaryImageOfPage\":{\"@id\":\"https:\/\/www.cinzento.nl\/de\/uber-uns\/dutch-design\/#primaryimage\"},\"image\":{\"@id\":\"https:\/\/www.cinzento.nl\/de\/uber-uns\/dutch-design\/#primaryimage\"},\"thumbnailUrl\":\"https:\/\/www.cinzento.nl\/wp-content\/uploads\/2024\/07\/Uitgelicht-Dutch-Design-scaled.jpg\",\"datePublished\":\"2024-07-23T13:19:10+00:00\",\"dateModified\":\"2025-08-20T08:38:33+00:00\",\"description\":\"Dutch Design bedeutet, dass unsere Holzb\u00f6den mit gr\u00f6\u00dfter Sorgfalt und Aufmerksamkeit in den Niederlanden hergestellt werden. Lesen Sie mehr..\",\"breadcrumb\":{\"@id\":\"https:\/\/www.cinzento.nl\/de\/uber-uns\/dutch-design\/#breadcrumb\"},\"inLanguage\":\"de\",\"potentialAction\":[{\"@type\":\"ReadAction\",\"target\":[\"https:\/\/www.cinzento.nl\/de\/uber-uns\/dutch-design\/\"]}]},{\"@type\":\"ImageObject\",\"inLanguage\":\"de\",\"@id\":\"https:\/\/www.cinzento.nl\/de\/uber-uns\/dutch-design\/#primaryimage\",\"url\":\"https:\/\/www.cinzento.nl\/wp-content\/uploads\/2024\/07\/Uitgelicht-Dutch-Design-scaled.jpg\",\"contentUrl\":\"https:\/\/www.cinzento.nl\/wp-content\/uploads\/2024\/07\/Uitgelicht-Dutch-Design-scaled.jpg\",\"width\":2560,\"height\":2560,\"caption\":\"Dutch Design Header en logo\"},{\"@type\":\"BreadcrumbList\",\"@id\":\"https:\/\/www.cinzento.nl\/de\/uber-uns\/dutch-design\/#breadcrumb\",\"itemListElement\":[{\"@type\":\"ListItem\",\"position\":1,\"name\":\"Home\",\"item\":\"https:\/\/www.cinzento.nl\/de\/\"},{\"@type\":\"ListItem\",\"position\":2,\"name\":\"\u00dcber uns\",\"item\":\"https:\/\/cinzento.nl\/over-ons\/\"},{\"@type\":\"ListItem\",\"position\":3,\"name\":\"Dutch Design\"}]},{\"@type\":\"WebSite\",\"@id\":\"https:\/\/cinzento.nl\/#website\",\"url\":\"https:\/\/cinzento.nl\/\",\"name\":\"Cinzento Custom Made\u00ae\",\"description\":\"H\u00e8t merk voor exclusieve houten vloeren\",\"publisher\":{\"@id\":\"https:\/\/cinzento.nl\/#organization\"},\"alternateName\":\"Cinzento\",\"potentialAction\":[{\"@type\":\"SearchAction\",\"target\":{\"@type\":\"EntryPoint\",\"urlTemplate\":\"https:\/\/cinzento.nl\/?s={search_term_string}\"},\"query-input\":{\"@type\":\"PropertyValueSpecification\",\"valueRequired\":true,\"valueName\":\"search_term_string\"}}],\"inLanguage\":\"de\"},{\"@type\":\"Organization\",\"@id\":\"https:\/\/cinzento.nl\/#organization\",\"name\":\"Cinzento Custom Made\u00ae\",\"alternateName\":\"Cinzento\",\"url\":\"https:\/\/cinzento.nl\/\",\"logo\":{\"@type\":\"ImageObject\",\"inLanguage\":\"de\",\"@id\":\"https:\/\/cinzento.nl\/#\/schema\/logo\/image\/\",\"url\":\"https:\/\/www.cinzento.nl\/wp-content\/uploads\/2020\/11\/Cinzento-Logo.png\",\"contentUrl\":\"https:\/\/www.cinzento.nl\/wp-content\/uploads\/2020\/11\/Cinzento-Logo.png\",\"width\":1080,\"height\":433,\"caption\":\"Cinzento Custom Made\u00ae\"},\"image\":{\"@id\":\"https:\/\/cinzento.nl\/#\/schema\/logo\/image\/\"},\"sameAs\":[\"https:\/\/www.facebook.com\/CinzentoCustomMade\",\"https:\/\/www.instagram.com\/cinzentocustommade\/\",\"https:\/\/nl.pinterest.com\/Cinzentocustommade\/\",\"https:\/\/g.co\/kgs\/j5zwLTs\",\"https:\/\/www.wonen.nl\/bedrijf\/cinzento-custom-made\",\"https:\/\/www.hoog.design\/nl\/bedrijven\/cinzento-custom-made\"]}]}<\/script>\n<!-- \/ Yoast SEO plugin. -->","yoast_head_json":{"title":"Dutch Design | Cinzento Custom Made\u00ae","description":"Dutch Design bedeutet, dass unsere Holzb\u00f6den mit gr\u00f6\u00dfter Sorgfalt und Aufmerksamkeit in den Niederlanden hergestellt werden. Lesen Sie mehr..","robots":{"index":"index","follow":"follow","max-snippet":"max-snippet:-1","max-image-preview":"max-image-preview:large","max-video-preview":"max-video-preview:-1"},"canonical":"https:\/\/www.cinzento.nl\/de\/uber-uns\/dutch-design\/","og_locale":"de_DE","og_type":"article","og_title":"Dutch Design | Cinzento Custom Made\u00ae","og_description":"Dutch Design bedeutet, dass unsere Holzb\u00f6den mit gr\u00f6\u00dfter Sorgfalt und Aufmerksamkeit in den Niederlanden hergestellt werden. Lesen Sie mehr..","og_url":"https:\/\/www.cinzento.nl\/de\/uber-uns\/dutch-design\/","og_site_name":"Cinzento Custom Made","article_publisher":"https:\/\/www.facebook.com\/CinzentoCustomMade","article_modified_time":"2025-08-20T08:38:33+00:00","og_image":[{"width":2560,"height":2560,"url":"https:\/\/cinzento.nl\/wp-content\/uploads\/2024\/07\/Uitgelicht-Dutch-Design-scaled.jpg","type":"image\/jpeg"}],"twitter_card":"summary_large_image","schema":{"@context":"https:\/\/schema.org","@graph":[{"@type":"WebPage","@id":"https:\/\/www.cinzento.nl\/de\/uber-uns\/dutch-design\/","url":"https:\/\/www.cinzento.nl\/de\/uber-uns\/dutch-design\/","name":"Dutch Design | Cinzento Custom Made\u00ae","isPartOf":{"@id":"https:\/\/cinzento.nl\/#website"},"primaryImageOfPage":{"@id":"https:\/\/www.cinzento.nl\/de\/uber-uns\/dutch-design\/#primaryimage"},"image":{"@id":"https:\/\/www.cinzento.nl\/de\/uber-uns\/dutch-design\/#primaryimage"},"thumbnailUrl":"https:\/\/www.cinzento.nl\/wp-content\/uploads\/2024\/07\/Uitgelicht-Dutch-Design-scaled.jpg","datePublished":"2024-07-23T13:19:10+00:00","dateModified":"2025-08-20T08:38:33+00:00","description":"Dutch Design bedeutet, dass unsere Holzb\u00f6den mit gr\u00f6\u00dfter Sorgfalt und Aufmerksamkeit in den Niederlanden hergestellt werden. Lesen Sie mehr..","breadcrumb":{"@id":"https:\/\/www.cinzento.nl\/de\/uber-uns\/dutch-design\/#breadcrumb"},"inLanguage":"de","potentialAction":[{"@type":"ReadAction","target":["https:\/\/www.cinzento.nl\/de\/uber-uns\/dutch-design\/"]}]},{"@type":"ImageObject","inLanguage":"de","@id":"https:\/\/www.cinzento.nl\/de\/uber-uns\/dutch-design\/#primaryimage","url":"https:\/\/www.cinzento.nl\/wp-content\/uploads\/2024\/07\/Uitgelicht-Dutch-Design-scaled.jpg","contentUrl":"https:\/\/www.cinzento.nl\/wp-content\/uploads\/2024\/07\/Uitgelicht-Dutch-Design-scaled.jpg","width":2560,"height":2560,"caption":"Dutch Design Header en logo"},{"@type":"BreadcrumbList","@id":"https:\/\/www.cinzento.nl\/de\/uber-uns\/dutch-design\/#breadcrumb","itemListElement":[{"@type":"ListItem","position":1,"name":"Home","item":"https:\/\/www.cinzento.nl\/de\/"},{"@type":"ListItem","position":2,"name":"\u00dcber uns","item":"https:\/\/cinzento.nl\/over-ons\/"},{"@type":"ListItem","position":3,"name":"Dutch Design"}]},{"@type":"WebSite","@id":"https:\/\/cinzento.nl\/#website","url":"https:\/\/cinzento.nl\/","name":"Cinzento Custom Made\u00ae","description":"H\u00e8t merk voor exclusieve houten vloeren","publisher":{"@id":"https:\/\/cinzento.nl\/#organization"},"alternateName":"Cinzento","potentialAction":[{"@type":"SearchAction","target":{"@type":"EntryPoint","urlTemplate":"https:\/\/cinzento.nl\/?s={search_term_string}"},"query-input":{"@type":"PropertyValueSpecification","valueRequired":true,"valueName":"search_term_string"}}],"inLanguage":"de"},{"@type":"Organization","@id":"https:\/\/cinzento.nl\/#organization","name":"Cinzento Custom Made\u00ae","alternateName":"Cinzento","url":"https:\/\/cinzento.nl\/","logo":{"@type":"ImageObject","inLanguage":"de","@id":"https:\/\/cinzento.nl\/#\/schema\/logo\/image\/","url":"https:\/\/www.cinzento.nl\/wp-content\/uploads\/2020\/11\/Cinzento-Logo.png","contentUrl":"https:\/\/www.cinzento.nl\/wp-content\/uploads\/2020\/11\/Cinzento-Logo.png","width":1080,"height":433,"caption":"Cinzento Custom Made\u00ae"},"image":{"@id":"https:\/\/cinzento.nl\/#\/schema\/logo\/image\/"},"sameAs":["https:\/\/www.facebook.com\/CinzentoCustomMade","https:\/\/www.instagram.com\/cinzentocustommade\/","https:\/\/nl.pinterest.com\/Cinzentocustommade\/","https:\/\/g.co\/kgs\/j5zwLTs","https:\/\/www.wonen.nl\/bedrijf\/cinzento-custom-made","https:\/\/www.hoog.design\/nl\/bedrijven\/cinzento-custom-made"]}]}},"_links":{"self":[{"href":"https:\/\/www.cinzento.nl\/de\/wp-json\/wp\/v2\/pages\/15789","targetHints":{"allow":["GET"]}}],"collection":[{"href":"https:\/\/www.cinzento.nl\/de\/wp-json\/wp\/v2\/pages"}],"about":[{"href":"https:\/\/www.cinzento.nl\/de\/wp-json\/wp\/v2\/types\/page"}],"author":[{"embeddable":true,"href":"https:\/\/www.cinzento.nl\/de\/wp-json\/wp\/v2\/users\/2"}],"replies":[{"embeddable":true,"href":"https:\/\/www.cinzento.nl\/de\/wp-json\/wp\/v2\/comments?post=15789"}],"version-history":[{"count":17,"href":"https:\/\/www.cinzento.nl\/de\/wp-json\/wp\/v2\/pages\/15789\/revisions"}],"predecessor-version":[{"id":17966,"href":"https:\/\/www.cinzento.nl\/de\/wp-json\/wp\/v2\/pages\/15789\/revisions\/17966"}],"up":[{"embeddable":true,"href":"https:\/\/www.cinzento.nl\/de\/wp-json\/wp\/v2\/pages\/9262"}],"wp:featuredmedia":[{"embeddable":true,"href":"https:\/\/www.cinzento.nl\/de\/wp-json\/wp\/v2\/media\/15795"}],"wp:attachment":[{"href":"https:\/\/www.cinzento.nl\/de\/wp-json\/wp\/v2\/media?parent=15789"}],"curies":[{"name":"wp","href":"https:\/\/api.w.org\/{rel}","templated":true}]}}