{"id":2229,"date":"2020-11-26T13:59:40","date_gmt":"2020-11-26T13:59:40","guid":{"rendered":"https:\/\/www.cinzento.nl\/planken-vloer\/"},"modified":"2021-01-26T13:19:52","modified_gmt":"2021-01-26T12:19:52","slug":"landhausdielen","status":"publish","type":"page","link":"https:\/\/www.cinzento.nl\/de\/holzboden\/landhausdielen\/","title":{"rendered":"Landhausdielen"},"content":{"rendered":"\n<p>Ein Holzboden kann in vielen verschiedenen Mustern verlegt werden.\u00a0Die Landhausdielen\u00a0sind\u00a0Modern und Zeitlos, deshalb\u00a0sind diese <mark>p<\/mark>arkett das meist gew\u00fcnschte. Bei Cinzento Custom Made\u00ae haben Sie die M\u00f6glichkeit, aus endlosen Varianten einen <mark>p<\/mark>arkett zu w\u00e4hlen.<\/p>\n\n\n\n<p>Die Cinzento Custom Made\u00ae <mark>p<\/mark>arkett werden aus Eiche produziert, deshalb tragen diese B\u00f6den alle das Label\u00a0<a href=\"https:\/\/www.cinzento.nl\/de\/healthy-home\/100-pure-wood\/100-pure-wood-7\/\">100% Pure Wood<\/a>.<\/p>\n\n\n\n<p>Wir wollen das Beste f\u00fcr die Umwelt. Aus diesem Grunde sind fast alle unsere Produkte FSC\u00ae-zertifiziert.<\/p>\n\n\n\n<h2 class=\"wp-block-heading\" id=\"cc-m-header-14336432332\">M\u00f6glichkeiten Landhausdielen eiche<\/h2>\n\n\n\n<p><\/p>\n\n\n\n<p>Die M\u00f6glichkeiten eines Cinzento Custom Made\u00ae <mark>p<\/mark>arkett sind endlos. Sie k\u00f6nnen aus verschiedenen St\u00e4rken, Breiten, Sortierungen und Bearbeitungen w\u00e4hlen. Wir produzieren den Landhausdielen nach Ihren W\u00fcnschen.<\/p>\n\n\n\n<h2 class=\"wp-block-heading\" id=\"cc-m-header-14336432332\">W\u00fcnschen Sie mehr \u00fcber Cinzento Custom Made\u00ae zu erfahren?<\/h2>\n\n\n\n<p>Sind Sie neugierig auf die M\u00f6glichkeiten eines Landhausdielen von <a href=\"https:\/\/tg-wood.com\/de\/cinzento-custom-made\/\">Cinzento Custom Made\u00ae<\/a>? Besuchen Sie unserer offiziellen Cinzento-H\u00e4ndler. Bitte kontaktieren Sie uns mittels des\u00a0<a href=\"https:\/\/www.cinzento.nl\/de\/contact\/\">Kontakt Formular<\/a>\u00a0und wir helfen Ihnen gerne weiter!<\/p>\n\n\n<figure class=\"wp-block-gallery columns-2 is-cropped\">\n<ul class=\"blocks-gallery-grid\">\n<li class=\"blocks-gallery-item\">\n<figure><\/figure>\n<\/li>\n<li class=\"blocks-gallery-item\">\n<figure><\/figure>\n<\/li>\n<li class=\"blocks-gallery-item\">\n<figure><a href=\"https:\/\/www.cinzento.nl\/wp-content\/uploads\/2020\/12\/Planken-vloer-houten-vloer-Cinzento-Custom-Made-scaled.jpg\"><img fetchpriority=\"high\" decoding=\"async\" class=\"alignnone wp-image-1685\" src=\"https:\/\/www.cinzento.nl\/wp-content\/uploads\/2020\/12\/Planken-vloer-houten-vloer-Cinzento-Custom-Made-1024x683.jpg\" alt=\"Landhausdielen Cinzento Custom Made\" width=\"1024\" height=\"683\" data-id=\"892\" data-full-url=\"https:\/\/www.cinzento.nl\/wp-content\/uploads\/2020\/12\/Planken-vloer-houten-vloer-Cinzento-Custom-Made-scaled.jpg\" data-link=\"https:\/\/www.cinzento.nl\/planken-vloer\/planken-vloer-houten-vloer-cinzento-custom-made\/\" \/><\/a><\/figure>\n<\/li>\n<\/ul>\n<\/figure>\n\n\n<h3 class=\"wp-block-heading\" id=\"cc-m-header-14256558032\">Warum ein Holzboden auf Fu\u00dfbodenheizung verlegt werden kann<\/h3>\n\n\n\n<p>Es ist wahr, dass sich beispielsweise ein Fliesen- oder PVC-Boden schneller erw\u00e4rmt als ein Holzboden. Diese B\u00f6den geben aber auch die W\u00e4rme schneller ab, w\u00e4hrend ein Holzboden die W\u00e4rme l\u00e4nger h\u00e4lt. Wurden in der Vergangenheit haupts\u00e4chlich Massivb\u00f6den mit hohem W\u00e4rmeleitf\u00e4higkeit verkauft, wird heute vor allem ein mehrschichtiges Eiche Landhausdielen mit niedrigem W\u00e4rmeleitf\u00e4higkeit gew\u00e4hlt. In Kombination mit direkten Verklebung eignet sich ein Holzboden f\u00fcr die Verlegung auf Fu\u00dfbodenheizung.<\/p>\n","protected":false},"excerpt":{"rendered":"<p>Ein Holzboden kann in vielen verschiedenen Mustern verlegt werden.\u00a0Die Landhausdielen\u00a0sind\u00a0Modern und Zeitlos, deshalb\u00a0sind diese parkett das meist gew\u00fcnschte. Bei Cinzento Custom Made\u00ae haben Sie die M\u00f6glichkeit, aus endlosen Varianten einen parkett zu w\u00e4hlen. Die Cinzento Custom Made\u00ae parkett werden aus Eiche produziert, deshalb tragen diese B\u00f6den alle das Label\u00a0100% Pure Wood. Wir wollen das Beste [&hellip;]<\/p>\n","protected":false},"author":2,"featured_media":1527,"parent":2227,"menu_order":1,"comment_status":"closed","ping_status":"closed","template":"","meta":{"footnotes":""},"class_list":["post-2229","page","type-page","status-publish","has-post-thumbnail","hentry"],"yoast_head":"<!-- This site is optimized with the Yoast SEO plugin v27.2 - https:\/\/yoast.com\/product\/yoast-seo-wordpress\/ -->\n<title>Landhausdielen von Cinzento Custom Made\u00ae, M\u00f6glichkeiten sind endlos.<\/title>\n<meta name=\"description\" content=\"Sind Sie neugierig auf die M\u00f6glichkeiten eines Landhausdielen von Cinzento Custom Made\u00ae? Besuchen Sie hier unserer website!\" \/>\n<meta name=\"robots\" content=\"index, follow, max-snippet:-1, max-image-preview:large, max-video-preview:-1\" \/>\n<link rel=\"canonical\" href=\"https:\/\/www.cinzento.nl\/de\/holzboden\/landhausdielen\/\" \/>\n<meta property=\"og:locale\" content=\"de_DE\" \/>\n<meta property=\"og:type\" content=\"article\" \/>\n<meta property=\"og:title\" content=\"Landhausdielen von Cinzento Custom Made\u00ae, M\u00f6glichkeiten sind endlos.\" \/>\n<meta property=\"og:description\" content=\"Sind Sie neugierig auf die M\u00f6glichkeiten eines Landhausdielen von Cinzento Custom Made\u00ae? Besuchen Sie hier unserer website!\" \/>\n<meta property=\"og:url\" content=\"https:\/\/www.cinzento.nl\/de\/holzboden\/landhausdielen\/\" \/>\n<meta property=\"og:site_name\" content=\"Cinzento Custom Made\" \/>\n<meta property=\"article:publisher\" content=\"https:\/\/www.facebook.com\/CinzentoCustomMade\" \/>\n<meta property=\"article:modified_time\" content=\"2021-01-26T12:19:52+00:00\" \/>\n<meta property=\"og:image\" content=\"https:\/\/cinzento.nl\/wp-content\/uploads\/2020\/11\/Over-ons-Cinzento-Custom-Made-scaled.jpg\" \/>\n\t<meta property=\"og:image:width\" content=\"1080\" \/>\n\t<meta property=\"og:image:height\" content=\"720\" \/>\n\t<meta property=\"og:image:type\" content=\"image\/jpeg\" \/>\n<meta name=\"twitter:card\" content=\"summary_large_image\" \/>\n<meta name=\"twitter:label1\" content=\"Gesch\u00e4tzte Lesezeit\" \/>\n\t<meta name=\"twitter:data1\" content=\"2\u00a0Minuten\" \/>\n<script type=\"application\/ld+json\" class=\"yoast-schema-graph\">{\"@context\":\"https:\/\/schema.org\",\"@graph\":[{\"@type\":\"WebPage\",\"@id\":\"https:\/\/www.cinzento.nl\/de\/holzboden\/landhausdielen\/\",\"url\":\"https:\/\/www.cinzento.nl\/de\/holzboden\/landhausdielen\/\",\"name\":\"Landhausdielen von Cinzento Custom Made\u00ae, M\u00f6glichkeiten sind endlos.\",\"isPartOf\":{\"@id\":\"https:\/\/cinzento.nl\/#website\"},\"primaryImageOfPage\":{\"@id\":\"https:\/\/www.cinzento.nl\/de\/holzboden\/landhausdielen\/#primaryimage\"},\"image\":{\"@id\":\"https:\/\/www.cinzento.nl\/de\/holzboden\/landhausdielen\/#primaryimage\"},\"thumbnailUrl\":\"https:\/\/www.cinzento.nl\/wp-content\/uploads\/2020\/11\/Over-ons-Cinzento-Custom-Made-scaled.jpg\",\"datePublished\":\"2020-11-26T13:59:40+00:00\",\"dateModified\":\"2021-01-26T12:19:52+00:00\",\"description\":\"Sind Sie neugierig auf die M\u00f6glichkeiten eines Landhausdielen von Cinzento Custom Made\u00ae? Besuchen Sie hier unserer website!\",\"breadcrumb\":{\"@id\":\"https:\/\/www.cinzento.nl\/de\/holzboden\/landhausdielen\/#breadcrumb\"},\"inLanguage\":\"de\",\"potentialAction\":[{\"@type\":\"ReadAction\",\"target\":[\"https:\/\/www.cinzento.nl\/de\/holzboden\/landhausdielen\/\"]}]},{\"@type\":\"ImageObject\",\"inLanguage\":\"de\",\"@id\":\"https:\/\/www.cinzento.nl\/de\/holzboden\/landhausdielen\/#primaryimage\",\"url\":\"https:\/\/www.cinzento.nl\/wp-content\/uploads\/2020\/11\/Over-ons-Cinzento-Custom-Made-scaled.jpg\",\"contentUrl\":\"https:\/\/www.cinzento.nl\/wp-content\/uploads\/2020\/11\/Over-ons-Cinzento-Custom-Made-scaled.jpg\",\"width\":1080,\"height\":720,\"caption\":\"Landhausdielen Cinzento Custom Made\"},{\"@type\":\"BreadcrumbList\",\"@id\":\"https:\/\/www.cinzento.nl\/de\/holzboden\/landhausdielen\/#breadcrumb\",\"itemListElement\":[{\"@type\":\"ListItem\",\"position\":1,\"name\":\"Home\",\"item\":\"https:\/\/www.cinzento.nl\/de\/\"},{\"@type\":\"ListItem\",\"position\":2,\"name\":\"Holzboden\",\"item\":\"https:\/\/www.cinzento.nl\/de\/holzboden\/\"},{\"@type\":\"ListItem\",\"position\":3,\"name\":\"Landhausdielen\"}]},{\"@type\":\"WebSite\",\"@id\":\"https:\/\/cinzento.nl\/#website\",\"url\":\"https:\/\/cinzento.nl\/\",\"name\":\"Cinzento Custom Made\u00ae\",\"description\":\"H\u00e8t merk voor exclusieve houten vloeren\",\"publisher\":{\"@id\":\"https:\/\/cinzento.nl\/#organization\"},\"alternateName\":\"Cinzento\",\"potentialAction\":[{\"@type\":\"SearchAction\",\"target\":{\"@type\":\"EntryPoint\",\"urlTemplate\":\"https:\/\/cinzento.nl\/?s={search_term_string}\"},\"query-input\":{\"@type\":\"PropertyValueSpecification\",\"valueRequired\":true,\"valueName\":\"search_term_string\"}}],\"inLanguage\":\"de\"},{\"@type\":\"Organization\",\"@id\":\"https:\/\/cinzento.nl\/#organization\",\"name\":\"Cinzento Custom Made\u00ae\",\"alternateName\":\"Cinzento\",\"url\":\"https:\/\/cinzento.nl\/\",\"logo\":{\"@type\":\"ImageObject\",\"inLanguage\":\"de\",\"@id\":\"https:\/\/cinzento.nl\/#\/schema\/logo\/image\/\",\"url\":\"https:\/\/www.cinzento.nl\/wp-content\/uploads\/2020\/11\/Cinzento-Logo.png\",\"contentUrl\":\"https:\/\/www.cinzento.nl\/wp-content\/uploads\/2020\/11\/Cinzento-Logo.png\",\"width\":1080,\"height\":433,\"caption\":\"Cinzento Custom Made\u00ae\"},\"image\":{\"@id\":\"https:\/\/cinzento.nl\/#\/schema\/logo\/image\/\"},\"sameAs\":[\"https:\/\/www.facebook.com\/CinzentoCustomMade\",\"https:\/\/www.instagram.com\/cinzentocustommade\/\",\"https:\/\/nl.pinterest.com\/Cinzentocustommade\/\",\"https:\/\/g.co\/kgs\/j5zwLTs\",\"https:\/\/www.wonen.nl\/bedrijf\/cinzento-custom-made\",\"https:\/\/www.hoog.design\/nl\/bedrijven\/cinzento-custom-made\"]}]}<\/script>\n<!-- \/ Yoast SEO plugin. -->","yoast_head_json":{"title":"Landhausdielen von Cinzento Custom Made\u00ae, M\u00f6glichkeiten sind endlos.","description":"Sind Sie neugierig auf die M\u00f6glichkeiten eines Landhausdielen von Cinzento Custom Made\u00ae? Besuchen Sie hier unserer website!","robots":{"index":"index","follow":"follow","max-snippet":"max-snippet:-1","max-image-preview":"max-image-preview:large","max-video-preview":"max-video-preview:-1"},"canonical":"https:\/\/www.cinzento.nl\/de\/holzboden\/landhausdielen\/","og_locale":"de_DE","og_type":"article","og_title":"Landhausdielen von Cinzento Custom Made\u00ae, M\u00f6glichkeiten sind endlos.","og_description":"Sind Sie neugierig auf die M\u00f6glichkeiten eines Landhausdielen von Cinzento Custom Made\u00ae? Besuchen Sie hier unserer website!","og_url":"https:\/\/www.cinzento.nl\/de\/holzboden\/landhausdielen\/","og_site_name":"Cinzento Custom Made","article_publisher":"https:\/\/www.facebook.com\/CinzentoCustomMade","article_modified_time":"2021-01-26T12:19:52+00:00","og_image":[{"width":1080,"height":720,"url":"https:\/\/cinzento.nl\/wp-content\/uploads\/2020\/11\/Over-ons-Cinzento-Custom-Made-scaled.jpg","type":"image\/jpeg"}],"twitter_card":"summary_large_image","twitter_misc":{"Gesch\u00e4tzte Lesezeit":"2\u00a0Minuten"},"schema":{"@context":"https:\/\/schema.org","@graph":[{"@type":"WebPage","@id":"https:\/\/www.cinzento.nl\/de\/holzboden\/landhausdielen\/","url":"https:\/\/www.cinzento.nl\/de\/holzboden\/landhausdielen\/","name":"Landhausdielen von Cinzento Custom Made\u00ae, M\u00f6glichkeiten sind endlos.","isPartOf":{"@id":"https:\/\/cinzento.nl\/#website"},"primaryImageOfPage":{"@id":"https:\/\/www.cinzento.nl\/de\/holzboden\/landhausdielen\/#primaryimage"},"image":{"@id":"https:\/\/www.cinzento.nl\/de\/holzboden\/landhausdielen\/#primaryimage"},"thumbnailUrl":"https:\/\/www.cinzento.nl\/wp-content\/uploads\/2020\/11\/Over-ons-Cinzento-Custom-Made-scaled.jpg","datePublished":"2020-11-26T13:59:40+00:00","dateModified":"2021-01-26T12:19:52+00:00","description":"Sind Sie neugierig auf die M\u00f6glichkeiten eines Landhausdielen von Cinzento Custom Made\u00ae? Besuchen Sie hier unserer website!","breadcrumb":{"@id":"https:\/\/www.cinzento.nl\/de\/holzboden\/landhausdielen\/#breadcrumb"},"inLanguage":"de","potentialAction":[{"@type":"ReadAction","target":["https:\/\/www.cinzento.nl\/de\/holzboden\/landhausdielen\/"]}]},{"@type":"ImageObject","inLanguage":"de","@id":"https:\/\/www.cinzento.nl\/de\/holzboden\/landhausdielen\/#primaryimage","url":"https:\/\/www.cinzento.nl\/wp-content\/uploads\/2020\/11\/Over-ons-Cinzento-Custom-Made-scaled.jpg","contentUrl":"https:\/\/www.cinzento.nl\/wp-content\/uploads\/2020\/11\/Over-ons-Cinzento-Custom-Made-scaled.jpg","width":1080,"height":720,"caption":"Landhausdielen Cinzento Custom Made"},{"@type":"BreadcrumbList","@id":"https:\/\/www.cinzento.nl\/de\/holzboden\/landhausdielen\/#breadcrumb","itemListElement":[{"@type":"ListItem","position":1,"name":"Home","item":"https:\/\/www.cinzento.nl\/de\/"},{"@type":"ListItem","position":2,"name":"Holzboden","item":"https:\/\/www.cinzento.nl\/de\/holzboden\/"},{"@type":"ListItem","position":3,"name":"Landhausdielen"}]},{"@type":"WebSite","@id":"https:\/\/cinzento.nl\/#website","url":"https:\/\/cinzento.nl\/","name":"Cinzento Custom Made\u00ae","description":"H\u00e8t merk voor exclusieve houten vloeren","publisher":{"@id":"https:\/\/cinzento.nl\/#organization"},"alternateName":"Cinzento","potentialAction":[{"@type":"SearchAction","target":{"@type":"EntryPoint","urlTemplate":"https:\/\/cinzento.nl\/?s={search_term_string}"},"query-input":{"@type":"PropertyValueSpecification","valueRequired":true,"valueName":"search_term_string"}}],"inLanguage":"de"},{"@type":"Organization","@id":"https:\/\/cinzento.nl\/#organization","name":"Cinzento Custom Made\u00ae","alternateName":"Cinzento","url":"https:\/\/cinzento.nl\/","logo":{"@type":"ImageObject","inLanguage":"de","@id":"https:\/\/cinzento.nl\/#\/schema\/logo\/image\/","url":"https:\/\/www.cinzento.nl\/wp-content\/uploads\/2020\/11\/Cinzento-Logo.png","contentUrl":"https:\/\/www.cinzento.nl\/wp-content\/uploads\/2020\/11\/Cinzento-Logo.png","width":1080,"height":433,"caption":"Cinzento Custom Made\u00ae"},"image":{"@id":"https:\/\/cinzento.nl\/#\/schema\/logo\/image\/"},"sameAs":["https:\/\/www.facebook.com\/CinzentoCustomMade","https:\/\/www.instagram.com\/cinzentocustommade\/","https:\/\/nl.pinterest.com\/Cinzentocustommade\/","https:\/\/g.co\/kgs\/j5zwLTs","https:\/\/www.wonen.nl\/bedrijf\/cinzento-custom-made","https:\/\/www.hoog.design\/nl\/bedrijven\/cinzento-custom-made"]}]}},"_links":{"self":[{"href":"https:\/\/www.cinzento.nl\/de\/wp-json\/wp\/v2\/pages\/2229","targetHints":{"allow":["GET"]}}],"collection":[{"href":"https:\/\/www.cinzento.nl\/de\/wp-json\/wp\/v2\/pages"}],"about":[{"href":"https:\/\/www.cinzento.nl\/de\/wp-json\/wp\/v2\/types\/page"}],"author":[{"embeddable":true,"href":"https:\/\/www.cinzento.nl\/de\/wp-json\/wp\/v2\/users\/2"}],"replies":[{"embeddable":true,"href":"https:\/\/www.cinzento.nl\/de\/wp-json\/wp\/v2\/comments?post=2229"}],"version-history":[{"count":2,"href":"https:\/\/www.cinzento.nl\/de\/wp-json\/wp\/v2\/pages\/2229\/revisions"}],"predecessor-version":[{"id":2700,"href":"https:\/\/www.cinzento.nl\/de\/wp-json\/wp\/v2\/pages\/2229\/revisions\/2700"}],"up":[{"embeddable":true,"href":"https:\/\/www.cinzento.nl\/de\/wp-json\/wp\/v2\/pages\/2227"}],"wp:featuredmedia":[{"embeddable":true,"href":"https:\/\/www.cinzento.nl\/de\/wp-json\/wp\/v2\/media\/1527"}],"wp:attachment":[{"href":"https:\/\/www.cinzento.nl\/de\/wp-json\/wp\/v2\/media?parent=2229"}],"curies":[{"name":"wp","href":"https:\/\/api.w.org\/{rel}","templated":true}]}}