{"id":2231,"date":"2020-12-04T09:21:55","date_gmt":"2020-12-04T09:21:55","guid":{"rendered":"https:\/\/www.cinzento.nl\/visgraat-vloer\/"},"modified":"2021-01-26T12:10:44","modified_gmt":"2021-01-26T11:10:44","slug":"fischgrat-parkett","status":"publish","type":"page","link":"https:\/\/www.cinzento.nl\/de\/holzboden\/fischgrat-parkett\/","title":{"rendered":"Fischgr\u00e4t Parkett"},"content":{"rendered":"\n<p>Mehr Menschen entscheiden sich heute f\u00fcr einen Fischgr\u00e4t Parkett. Ob Sie in einem neuen Haus, einer Wohnung oder einem Bauernhof wohnen, ein Fischgr\u00e4t passt perfekt zu jedem Interieur.<\/p>\n\n\n\n<p>Der Vorteil von Cinzento Custom Made\u00ae ist, dass wir Spezialisten sind f\u00fcr die ma\u00dfgeschneiderte Herstellung exklusiver Holzb\u00f6den, unter anderem eines parkett.<\/p>\n\n\n\n<p>Wir k\u00f6nnen den Fischgr\u00e4tboden genau nach Ihren W\u00fcnschen produzieren. Der Hauptgrund daf\u00fcr ist, dass wir die komplette Bearbeitung des Holzes in unseren eigenen H\u00e4nden haben. Dadurch k\u00f6nnen wir Ihren Traumboden bis in die kleinsten Details ausarbeiten.<\/p>\n\n\n\n<h2 class=\"wp-block-heading\" id=\"cc-m-header-14336432332\">Fischgr\u00e4t Parkett mit Rahmen und Ader<\/h2>\n\n\n\n<p><br>Ein Fischgr\u00e4t kann auch mit\u00a0Rahmen und Ader installiert werden. Die\u00a0Rahmen\u00a0sind die Kante um den Fischgr\u00e4tboden gegen die Wand. Die Ader ist die helle\/dunkle Linie zwischen der Kante und dem Fischgr\u00e4tenboden.<\/p>\n\n\n\n<h3 class=\"wp-block-heading\">M\u00f6glichkeiten Fischgr\u00e4tboden<\/h3>\n\n\n\n<p>Untenstehend finden Sie Eiche Parkett in verschiedenen Interieure. Wir haben schon viele Traumb\u00f6den auf der ganzen Welt realisiert. Einige unserer Projekte k\u00f6nnen Sie hier anschauen.<\/p>\n\n\n\n<figure class=\"wp-block-gallery columns-0 is-cropped wp-block-gallery-1 is-layout-flex wp-block-gallery-is-layout-flex\"><ul class=\"blocks-gallery-grid\"><li class=\"blocks-gallery-item\"><figure><a href=\"https:\/\/www.cinzento.nl\/wp-content\/uploads\/2020\/12\/Houten-visgraat-vloer-Cinzento-Custom-Mae--scaled.jpg\"><img decoding=\"async\" src=\"https:\/\/www.cinzento.nl\/wp-content\/uploads\/2020\/12\/Houten-visgraat-vloer-Cinzento-Custom-Mae--1024x683.jpg\" alt=\"\" data-id=\"1000\" data-full-url=\"https:\/\/www.cinzento.nl\/wp-content\/uploads\/2020\/12\/Houten-visgraat-vloer-Cinzento-Custom-Mae--scaled.jpg\" data-link=\"https:\/\/www.cinzento.nl\/?attachment_id=1000\" class=\"wp-image-1731\"\/><\/a><\/figure><\/li><li class=\"blocks-gallery-item\"><figure><a href=\"https:\/\/www.cinzento.nl\/wp-content\/uploads\/2020\/12\/Visgraat-vloer-Cinzento-Custom-Made-scaled.jpg\"><img decoding=\"async\" src=\"https:\/\/www.cinzento.nl\/wp-content\/uploads\/2020\/12\/Visgraat-vloer-Cinzento-Custom-Made-1024x683.jpg\" alt=\"\" data-id=\"1002\" data-full-url=\"https:\/\/www.cinzento.nl\/wp-content\/uploads\/2020\/12\/Visgraat-vloer-Cinzento-Custom-Made-scaled.jpg\" data-link=\"https:\/\/www.cinzento.nl\/?attachment_id=1002\" class=\"wp-image-1735\"\/><\/a><\/figure><\/li><\/ul><\/figure>\n\n\n\n<h3 class=\"wp-block-heading\" id=\"cc-m-header-14336670532\">W\u00fcnschen Sie mehr \u00fcber Cinzento Custom Made\u00ae zu erfahren?<\/h3>\n\n\n\n<p>Sind Sie neugierig auf die M\u00f6glichkeiten eines Fischgr\u00e4t Parkett von Cinzento Custom Made\u00ae? Besuchen Sie unserer offiziellen Cinzento-H\u00e4ndler. Bitte kontaktieren Sie uns mittels des\u00a0<a href=\"https:\/\/www.cinzento.nl\/de\/kontakt\/\">Kontakt Formular<\/a>\u00a0und wir helfen Ihnen gerne weiter!<\/p>\n","protected":false},"excerpt":{"rendered":"<p>Mehr Menschen entscheiden sich heute f\u00fcr einen Fischgr\u00e4t Parkett. Ob Sie in einem neuen Haus, einer Wohnung oder einem Bauernhof wohnen, ein Fischgr\u00e4t passt perfekt zu jedem Interieur. Der Vorteil von Cinzento Custom Made\u00ae ist, dass wir Spezialisten sind f\u00fcr die ma\u00dfgeschneiderte Herstellung exklusiver Holzb\u00f6den, unter anderem eines parkett. Wir k\u00f6nnen den Fischgr\u00e4tboden genau nach [&hellip;]<\/p>\n","protected":false},"author":2,"featured_media":1733,"parent":2227,"menu_order":0,"comment_status":"closed","ping_status":"closed","template":"","meta":{"footnotes":""},"class_list":["post-2231","page","type-page","status-publish","has-post-thumbnail","hentry"],"yoast_head":"<!-- This site is optimized with the Yoast SEO plugin v27.2 - https:\/\/yoast.com\/product\/yoast-seo-wordpress\/ -->\n<title>Fischgr\u00e4t Parkett von Cinzento Custom Made\u00ae, sehen die M\u00f6glichkeiten.<\/title>\n<meta name=\"description\" content=\"Sind Sie neugierig auf die M\u00f6glichkeiten eines Fischgr\u00e4t Parkett von Cinzento Custom Made\u00ae? Besuchen Sie die Website hier!\" \/>\n<meta name=\"robots\" content=\"index, follow, max-snippet:-1, max-image-preview:large, max-video-preview:-1\" \/>\n<link rel=\"canonical\" href=\"https:\/\/www.cinzento.nl\/de\/holzboden\/fischgrat-parkett\/\" \/>\n<meta property=\"og:locale\" content=\"de_DE\" \/>\n<meta property=\"og:type\" content=\"article\" \/>\n<meta property=\"og:title\" content=\"Fischgr\u00e4t Parkett von Cinzento Custom Made\u00ae, sehen die M\u00f6glichkeiten.\" \/>\n<meta property=\"og:description\" content=\"Sind Sie neugierig auf die M\u00f6glichkeiten eines Fischgr\u00e4t Parkett von Cinzento Custom Made\u00ae? Besuchen Sie die Website hier!\" \/>\n<meta property=\"og:url\" content=\"https:\/\/www.cinzento.nl\/de\/holzboden\/fischgrat-parkett\/\" \/>\n<meta property=\"og:site_name\" content=\"Cinzento Custom Made\" \/>\n<meta property=\"article:publisher\" content=\"https:\/\/www.facebook.com\/CinzentoCustomMade\" \/>\n<meta property=\"article:modified_time\" content=\"2021-01-26T11:10:44+00:00\" \/>\n<meta property=\"og:image\" content=\"https:\/\/cinzento.nl\/wp-content\/uploads\/2020\/12\/Parket-visgraat-Cinzento-Custom-Made-scaled.jpg\" \/>\n\t<meta property=\"og:image:width\" content=\"1080\" \/>\n\t<meta property=\"og:image:height\" content=\"720\" \/>\n\t<meta property=\"og:image:type\" content=\"image\/jpeg\" \/>\n<meta name=\"twitter:card\" content=\"summary_large_image\" \/>\n<meta name=\"twitter:label1\" content=\"Gesch\u00e4tzte Lesezeit\" \/>\n\t<meta name=\"twitter:data1\" content=\"2\u00a0Minuten\" \/>\n<script type=\"application\/ld+json\" class=\"yoast-schema-graph\">{\"@context\":\"https:\/\/schema.org\",\"@graph\":[{\"@type\":\"WebPage\",\"@id\":\"https:\/\/www.cinzento.nl\/de\/holzboden\/fischgrat-parkett\/\",\"url\":\"https:\/\/www.cinzento.nl\/de\/holzboden\/fischgrat-parkett\/\",\"name\":\"Fischgr\u00e4t Parkett von Cinzento Custom Made\u00ae, sehen die M\u00f6glichkeiten.\",\"isPartOf\":{\"@id\":\"https:\/\/cinzento.nl\/#website\"},\"primaryImageOfPage\":{\"@id\":\"https:\/\/www.cinzento.nl\/de\/holzboden\/fischgrat-parkett\/#primaryimage\"},\"image\":{\"@id\":\"https:\/\/www.cinzento.nl\/de\/holzboden\/fischgrat-parkett\/#primaryimage\"},\"thumbnailUrl\":\"https:\/\/www.cinzento.nl\/wp-content\/uploads\/2020\/12\/Parket-visgraat-Cinzento-Custom-Made-scaled.jpg\",\"datePublished\":\"2020-12-04T09:21:55+00:00\",\"dateModified\":\"2021-01-26T11:10:44+00:00\",\"description\":\"Sind Sie neugierig auf die M\u00f6glichkeiten eines Fischgr\u00e4t Parkett von Cinzento Custom Made\u00ae? Besuchen Sie die Website hier!\",\"breadcrumb\":{\"@id\":\"https:\/\/www.cinzento.nl\/de\/holzboden\/fischgrat-parkett\/#breadcrumb\"},\"inLanguage\":\"de\",\"potentialAction\":[{\"@type\":\"ReadAction\",\"target\":[\"https:\/\/www.cinzento.nl\/de\/holzboden\/fischgrat-parkett\/\"]}]},{\"@type\":\"ImageObject\",\"inLanguage\":\"de\",\"@id\":\"https:\/\/www.cinzento.nl\/de\/holzboden\/fischgrat-parkett\/#primaryimage\",\"url\":\"https:\/\/www.cinzento.nl\/wp-content\/uploads\/2020\/12\/Parket-visgraat-Cinzento-Custom-Made-scaled.jpg\",\"contentUrl\":\"https:\/\/www.cinzento.nl\/wp-content\/uploads\/2020\/12\/Parket-visgraat-Cinzento-Custom-Made-scaled.jpg\",\"width\":1080,\"height\":720,\"caption\":\"Fischgr\u00e4t-Cinzento-Custom-Made\"},{\"@type\":\"BreadcrumbList\",\"@id\":\"https:\/\/www.cinzento.nl\/de\/holzboden\/fischgrat-parkett\/#breadcrumb\",\"itemListElement\":[{\"@type\":\"ListItem\",\"position\":1,\"name\":\"Home\",\"item\":\"https:\/\/www.cinzento.nl\/de\/\"},{\"@type\":\"ListItem\",\"position\":2,\"name\":\"Holzboden\",\"item\":\"https:\/\/www.cinzento.nl\/de\/holzboden\/\"},{\"@type\":\"ListItem\",\"position\":3,\"name\":\"Fischgr\u00e4t Parkett\"}]},{\"@type\":\"WebSite\",\"@id\":\"https:\/\/cinzento.nl\/#website\",\"url\":\"https:\/\/cinzento.nl\/\",\"name\":\"Cinzento Custom Made\u00ae\",\"description\":\"H\u00e8t merk voor exclusieve houten vloeren\",\"publisher\":{\"@id\":\"https:\/\/cinzento.nl\/#organization\"},\"alternateName\":\"Cinzento\",\"potentialAction\":[{\"@type\":\"SearchAction\",\"target\":{\"@type\":\"EntryPoint\",\"urlTemplate\":\"https:\/\/cinzento.nl\/?s={search_term_string}\"},\"query-input\":{\"@type\":\"PropertyValueSpecification\",\"valueRequired\":true,\"valueName\":\"search_term_string\"}}],\"inLanguage\":\"de\"},{\"@type\":\"Organization\",\"@id\":\"https:\/\/cinzento.nl\/#organization\",\"name\":\"Cinzento Custom Made\u00ae\",\"alternateName\":\"Cinzento\",\"url\":\"https:\/\/cinzento.nl\/\",\"logo\":{\"@type\":\"ImageObject\",\"inLanguage\":\"de\",\"@id\":\"https:\/\/cinzento.nl\/#\/schema\/logo\/image\/\",\"url\":\"https:\/\/www.cinzento.nl\/wp-content\/uploads\/2020\/11\/Cinzento-Logo.png\",\"contentUrl\":\"https:\/\/www.cinzento.nl\/wp-content\/uploads\/2020\/11\/Cinzento-Logo.png\",\"width\":1080,\"height\":433,\"caption\":\"Cinzento Custom Made\u00ae\"},\"image\":{\"@id\":\"https:\/\/cinzento.nl\/#\/schema\/logo\/image\/\"},\"sameAs\":[\"https:\/\/www.facebook.com\/CinzentoCustomMade\",\"https:\/\/www.instagram.com\/cinzentocustommade\/\",\"https:\/\/nl.pinterest.com\/Cinzentocustommade\/\",\"https:\/\/g.co\/kgs\/j5zwLTs\",\"https:\/\/www.wonen.nl\/bedrijf\/cinzento-custom-made\",\"https:\/\/www.hoog.design\/nl\/bedrijven\/cinzento-custom-made\"]}]}<\/script>\n<!-- \/ Yoast SEO plugin. -->","yoast_head_json":{"title":"Fischgr\u00e4t Parkett von Cinzento Custom Made\u00ae, sehen die M\u00f6glichkeiten.","description":"Sind Sie neugierig auf die M\u00f6glichkeiten eines Fischgr\u00e4t Parkett von Cinzento Custom Made\u00ae? Besuchen Sie die Website hier!","robots":{"index":"index","follow":"follow","max-snippet":"max-snippet:-1","max-image-preview":"max-image-preview:large","max-video-preview":"max-video-preview:-1"},"canonical":"https:\/\/www.cinzento.nl\/de\/holzboden\/fischgrat-parkett\/","og_locale":"de_DE","og_type":"article","og_title":"Fischgr\u00e4t Parkett von Cinzento Custom Made\u00ae, sehen die M\u00f6glichkeiten.","og_description":"Sind Sie neugierig auf die M\u00f6glichkeiten eines Fischgr\u00e4t Parkett von Cinzento Custom Made\u00ae? Besuchen Sie die Website hier!","og_url":"https:\/\/www.cinzento.nl\/de\/holzboden\/fischgrat-parkett\/","og_site_name":"Cinzento Custom Made","article_publisher":"https:\/\/www.facebook.com\/CinzentoCustomMade","article_modified_time":"2021-01-26T11:10:44+00:00","og_image":[{"width":1080,"height":720,"url":"https:\/\/cinzento.nl\/wp-content\/uploads\/2020\/12\/Parket-visgraat-Cinzento-Custom-Made-scaled.jpg","type":"image\/jpeg"}],"twitter_card":"summary_large_image","twitter_misc":{"Gesch\u00e4tzte Lesezeit":"2\u00a0Minuten"},"schema":{"@context":"https:\/\/schema.org","@graph":[{"@type":"WebPage","@id":"https:\/\/www.cinzento.nl\/de\/holzboden\/fischgrat-parkett\/","url":"https:\/\/www.cinzento.nl\/de\/holzboden\/fischgrat-parkett\/","name":"Fischgr\u00e4t Parkett von Cinzento Custom Made\u00ae, sehen die M\u00f6glichkeiten.","isPartOf":{"@id":"https:\/\/cinzento.nl\/#website"},"primaryImageOfPage":{"@id":"https:\/\/www.cinzento.nl\/de\/holzboden\/fischgrat-parkett\/#primaryimage"},"image":{"@id":"https:\/\/www.cinzento.nl\/de\/holzboden\/fischgrat-parkett\/#primaryimage"},"thumbnailUrl":"https:\/\/www.cinzento.nl\/wp-content\/uploads\/2020\/12\/Parket-visgraat-Cinzento-Custom-Made-scaled.jpg","datePublished":"2020-12-04T09:21:55+00:00","dateModified":"2021-01-26T11:10:44+00:00","description":"Sind Sie neugierig auf die M\u00f6glichkeiten eines Fischgr\u00e4t Parkett von Cinzento Custom Made\u00ae? Besuchen Sie die Website hier!","breadcrumb":{"@id":"https:\/\/www.cinzento.nl\/de\/holzboden\/fischgrat-parkett\/#breadcrumb"},"inLanguage":"de","potentialAction":[{"@type":"ReadAction","target":["https:\/\/www.cinzento.nl\/de\/holzboden\/fischgrat-parkett\/"]}]},{"@type":"ImageObject","inLanguage":"de","@id":"https:\/\/www.cinzento.nl\/de\/holzboden\/fischgrat-parkett\/#primaryimage","url":"https:\/\/www.cinzento.nl\/wp-content\/uploads\/2020\/12\/Parket-visgraat-Cinzento-Custom-Made-scaled.jpg","contentUrl":"https:\/\/www.cinzento.nl\/wp-content\/uploads\/2020\/12\/Parket-visgraat-Cinzento-Custom-Made-scaled.jpg","width":1080,"height":720,"caption":"Fischgr\u00e4t-Cinzento-Custom-Made"},{"@type":"BreadcrumbList","@id":"https:\/\/www.cinzento.nl\/de\/holzboden\/fischgrat-parkett\/#breadcrumb","itemListElement":[{"@type":"ListItem","position":1,"name":"Home","item":"https:\/\/www.cinzento.nl\/de\/"},{"@type":"ListItem","position":2,"name":"Holzboden","item":"https:\/\/www.cinzento.nl\/de\/holzboden\/"},{"@type":"ListItem","position":3,"name":"Fischgr\u00e4t Parkett"}]},{"@type":"WebSite","@id":"https:\/\/cinzento.nl\/#website","url":"https:\/\/cinzento.nl\/","name":"Cinzento Custom Made\u00ae","description":"H\u00e8t merk voor exclusieve houten vloeren","publisher":{"@id":"https:\/\/cinzento.nl\/#organization"},"alternateName":"Cinzento","potentialAction":[{"@type":"SearchAction","target":{"@type":"EntryPoint","urlTemplate":"https:\/\/cinzento.nl\/?s={search_term_string}"},"query-input":{"@type":"PropertyValueSpecification","valueRequired":true,"valueName":"search_term_string"}}],"inLanguage":"de"},{"@type":"Organization","@id":"https:\/\/cinzento.nl\/#organization","name":"Cinzento Custom Made\u00ae","alternateName":"Cinzento","url":"https:\/\/cinzento.nl\/","logo":{"@type":"ImageObject","inLanguage":"de","@id":"https:\/\/cinzento.nl\/#\/schema\/logo\/image\/","url":"https:\/\/www.cinzento.nl\/wp-content\/uploads\/2020\/11\/Cinzento-Logo.png","contentUrl":"https:\/\/www.cinzento.nl\/wp-content\/uploads\/2020\/11\/Cinzento-Logo.png","width":1080,"height":433,"caption":"Cinzento Custom Made\u00ae"},"image":{"@id":"https:\/\/cinzento.nl\/#\/schema\/logo\/image\/"},"sameAs":["https:\/\/www.facebook.com\/CinzentoCustomMade","https:\/\/www.instagram.com\/cinzentocustommade\/","https:\/\/nl.pinterest.com\/Cinzentocustommade\/","https:\/\/g.co\/kgs\/j5zwLTs","https:\/\/www.wonen.nl\/bedrijf\/cinzento-custom-made","https:\/\/www.hoog.design\/nl\/bedrijven\/cinzento-custom-made"]}]}},"_links":{"self":[{"href":"https:\/\/www.cinzento.nl\/de\/wp-json\/wp\/v2\/pages\/2231","targetHints":{"allow":["GET"]}}],"collection":[{"href":"https:\/\/www.cinzento.nl\/de\/wp-json\/wp\/v2\/pages"}],"about":[{"href":"https:\/\/www.cinzento.nl\/de\/wp-json\/wp\/v2\/types\/page"}],"author":[{"embeddable":true,"href":"https:\/\/www.cinzento.nl\/de\/wp-json\/wp\/v2\/users\/2"}],"replies":[{"embeddable":true,"href":"https:\/\/www.cinzento.nl\/de\/wp-json\/wp\/v2\/comments?post=2231"}],"version-history":[{"count":3,"href":"https:\/\/www.cinzento.nl\/de\/wp-json\/wp\/v2\/pages\/2231\/revisions"}],"predecessor-version":[{"id":2690,"href":"https:\/\/www.cinzento.nl\/de\/wp-json\/wp\/v2\/pages\/2231\/revisions\/2690"}],"up":[{"embeddable":true,"href":"https:\/\/www.cinzento.nl\/de\/wp-json\/wp\/v2\/pages\/2227"}],"wp:featuredmedia":[{"embeddable":true,"href":"https:\/\/www.cinzento.nl\/de\/wp-json\/wp\/v2\/media\/1733"}],"wp:attachment":[{"href":"https:\/\/www.cinzento.nl\/de\/wp-json\/wp\/v2\/media?parent=2231"}],"curies":[{"name":"wp","href":"https:\/\/api.w.org\/{rel}","templated":true}]}}