{"id":2233,"date":"2020-12-04T09:46:33","date_gmt":"2020-12-04T09:46:33","guid":{"rendered":"https:\/\/www.cinzento.nl\/hongaarse-punt\/"},"modified":"2021-01-26T12:14:23","modified_gmt":"2021-01-26T11:14:23","slug":"franzosische-fischgrat","status":"publish","type":"page","link":"https:\/\/www.cinzento.nl\/de\/holzboden\/franzosische-fischgrat\/","title":{"rendered":"Franz\u00f6sische Fischgr\u00e4t"},"content":{"rendered":"\n<p><strong>Was ist ein Franz\u00f6sische Fischgr\u00e4t?<\/strong><\/p>\n\n\n\n<p>Bei einem Parkett werden die Dielen in einem 45 oder 60 Grad verlegt, in diesen Bildern wird der Parkett in 45 Grad verlegt. Dadurch entsteht das Parkett Motiv.<\/p>\n\n\n\n<p>Dieser Parkett wurde in einer 1-bis Sortierung geliefert und hat daher fast keine Esten. Wir k\u00f6nnen den Parkett genau nach Ihren W\u00fcnschen produzieren.<\/p>\n\n\n\n<h2 class=\"wp-block-heading\" id=\"cc-m-header-14336698532\">M\u00f6glichkeiten Franz\u00f6sische Fischgr\u00e4t Parkett<\/h2>\n\n\n\n<p>Mit <a href=\"https:\/\/tg-wood.com\/de\/cinzento-custom-made\/\">Cinzento Custom Made\u00ae<\/a> haben Sie die M\u00f6glichkeit, die Parkett nach Ihren W\u00fcnschen zu schaffen. Sie k\u00f6nnen w\u00e4hlen, ob das Parkett ge\u00f6lt, gebeizt, gebrannt oder geb\u00fcrstet wird.<\/p>\n\n\n\n<h3 class=\"wp-block-heading\" id=\"cc-m-header-14336699532\">W\u00fcnschen Sie mehr \u00fcber Cinzento Custom Made\u00ae zu erfahren?<\/h3>\n\n\n\n<p>Sind Sie neugierig auf die M\u00f6glichkeiten eines Parkett von Cinzento Custom Made\u00ae? Besuchen Sie unserer offiziellen Cinzento-H\u00e4ndler. Bitte kontaktieren Sie uns mittels\u00a0des\u00a0<a href=\"https:\/\/www.cinzento.nl\/de\/contact\/\">Kontaktformulars<\/a>\u00a0und wir helfen Ihnen gerne weiter!<\/p>\n\n\n\n<figure class=\"wp-block-gallery columns-0 is-cropped wp-block-gallery-1 is-layout-flex wp-block-gallery-is-layout-flex\"><ul class=\"blocks-gallery-grid\"><li class=\"blocks-gallery-item\"><figure><a href=\"https:\/\/www.cinzento.nl\/wp-content\/uploads\/2020\/12\/Houten-Hongaarse-punt-scaled.jpg\"><img decoding=\"async\" src=\"https:\/\/www.cinzento.nl\/wp-content\/uploads\/2020\/12\/Houten-Hongaarse-punt-1024x684.jpg\" alt=\"Hongaarse punt Cinzento Custom Made_2\" data-id=\"1025\" data-full-url=\"https:\/\/www.cinzento.nl\/wp-content\/uploads\/2020\/12\/Houten-Hongaarse-punt-scaled.jpg\" data-link=\"https:\/\/www.cinzento.nl\/?attachment_id=1025\" class=\"wp-image-1743\"\/><\/a><\/figure><\/li><li class=\"blocks-gallery-item\"><figure><a href=\"https:\/\/www.cinzento.nl\/wp-content\/uploads\/2020\/12\/Hongaarse-punt-Cinzento-Custom-Made_2-scaled.jpg\"><img decoding=\"async\" src=\"https:\/\/www.cinzento.nl\/wp-content\/uploads\/2020\/12\/Hongaarse-punt-Cinzento-Custom-Made_2-1024x684.jpg\" alt=\"Hongaarse punt Cinzento Custom Made_2\" data-id=\"1024\" data-full-url=\"https:\/\/www.cinzento.nl\/wp-content\/uploads\/2020\/12\/Hongaarse-punt-Cinzento-Custom-Made_2-scaled.jpg\" data-link=\"https:\/\/www.cinzento.nl\/?attachment_id=1024\" class=\"wp-image-1741\"\/><\/a><\/figure><\/li><\/ul><\/figure>\n","protected":false},"excerpt":{"rendered":"<p>Was ist ein Franz\u00f6sische Fischgr\u00e4t? Bei einem Parkett werden die Dielen in einem 45 oder 60 Grad verlegt, in diesen Bildern wird der Parkett in 45 Grad verlegt. Dadurch entsteht das Parkett Motiv. Dieser Parkett wurde in einer 1-bis Sortierung geliefert und hat daher fast keine Esten. Wir k\u00f6nnen den Parkett genau nach Ihren W\u00fcnschen [&hellip;]<\/p>\n","protected":false},"author":2,"featured_media":1739,"parent":2227,"menu_order":0,"comment_status":"closed","ping_status":"closed","template":"","meta":{"footnotes":""},"class_list":["post-2233","page","type-page","status-publish","has-post-thumbnail","hentry"],"yoast_head":"<!-- This site is optimized with the Yoast SEO plugin v27.2 - https:\/\/yoast.com\/product\/yoast-seo-wordpress\/ -->\n<title>Franz\u00f6sische Fischgr\u00e4t von Cinzento Custom Made\u00ae<\/title>\n<meta name=\"description\" content=\"Sind Sie neugierig auf die M\u00f6glichkeiten eines Franz\u00f6sische Fischgr\u00e4t von Cinzento Custom Made\u00ae? Besuchen Sie unserer website!\" \/>\n<meta name=\"robots\" content=\"index, follow, max-snippet:-1, max-image-preview:large, max-video-preview:-1\" \/>\n<link rel=\"canonical\" href=\"https:\/\/www.cinzento.nl\/de\/holzboden\/franzosische-fischgrat\/\" \/>\n<meta property=\"og:locale\" content=\"de_DE\" \/>\n<meta property=\"og:type\" content=\"article\" \/>\n<meta property=\"og:title\" content=\"Franz\u00f6sische Fischgr\u00e4t von Cinzento Custom Made\u00ae\" \/>\n<meta property=\"og:description\" content=\"Sind Sie neugierig auf die M\u00f6glichkeiten eines Franz\u00f6sische Fischgr\u00e4t von Cinzento Custom Made\u00ae? Besuchen Sie unserer website!\" \/>\n<meta property=\"og:url\" content=\"https:\/\/www.cinzento.nl\/de\/holzboden\/franzosische-fischgrat\/\" \/>\n<meta property=\"og:site_name\" content=\"Cinzento Custom Made\" \/>\n<meta property=\"article:publisher\" content=\"https:\/\/www.facebook.com\/CinzentoCustomMade\" \/>\n<meta property=\"article:modified_time\" content=\"2021-01-26T11:14:23+00:00\" \/>\n<meta property=\"og:image\" content=\"https:\/\/cinzento.nl\/wp-content\/uploads\/2020\/12\/Hongaarse-punt-Cinzento-Custom-Made_1-scaled.jpg\" \/>\n\t<meta property=\"og:image:width\" content=\"1080\" \/>\n\t<meta property=\"og:image:height\" content=\"721\" \/>\n\t<meta property=\"og:image:type\" content=\"image\/jpeg\" \/>\n<meta name=\"twitter:card\" content=\"summary_large_image\" \/>\n<meta name=\"twitter:label1\" content=\"Gesch\u00e4tzte Lesezeit\" \/>\n\t<meta name=\"twitter:data1\" content=\"1\u00a0Minute\" \/>\n<script type=\"application\/ld+json\" class=\"yoast-schema-graph\">{\"@context\":\"https:\/\/schema.org\",\"@graph\":[{\"@type\":\"WebPage\",\"@id\":\"https:\/\/www.cinzento.nl\/de\/holzboden\/franzosische-fischgrat\/\",\"url\":\"https:\/\/www.cinzento.nl\/de\/holzboden\/franzosische-fischgrat\/\",\"name\":\"Franz\u00f6sische Fischgr\u00e4t von Cinzento Custom Made\u00ae\",\"isPartOf\":{\"@id\":\"https:\/\/cinzento.nl\/#website\"},\"primaryImageOfPage\":{\"@id\":\"https:\/\/www.cinzento.nl\/de\/holzboden\/franzosische-fischgrat\/#primaryimage\"},\"image\":{\"@id\":\"https:\/\/www.cinzento.nl\/de\/holzboden\/franzosische-fischgrat\/#primaryimage\"},\"thumbnailUrl\":\"https:\/\/www.cinzento.nl\/wp-content\/uploads\/2020\/12\/Hongaarse-punt-Cinzento-Custom-Made_1-scaled.jpg\",\"datePublished\":\"2020-12-04T09:46:33+00:00\",\"dateModified\":\"2021-01-26T11:14:23+00:00\",\"description\":\"Sind Sie neugierig auf die M\u00f6glichkeiten eines Franz\u00f6sische Fischgr\u00e4t von Cinzento Custom Made\u00ae? Besuchen Sie unserer website!\",\"breadcrumb\":{\"@id\":\"https:\/\/www.cinzento.nl\/de\/holzboden\/franzosische-fischgrat\/#breadcrumb\"},\"inLanguage\":\"de\",\"potentialAction\":[{\"@type\":\"ReadAction\",\"target\":[\"https:\/\/www.cinzento.nl\/de\/holzboden\/franzosische-fischgrat\/\"]}]},{\"@type\":\"ImageObject\",\"inLanguage\":\"de\",\"@id\":\"https:\/\/www.cinzento.nl\/de\/holzboden\/franzosische-fischgrat\/#primaryimage\",\"url\":\"https:\/\/www.cinzento.nl\/wp-content\/uploads\/2020\/12\/Hongaarse-punt-Cinzento-Custom-Made_1-scaled.jpg\",\"contentUrl\":\"https:\/\/www.cinzento.nl\/wp-content\/uploads\/2020\/12\/Hongaarse-punt-Cinzento-Custom-Made_1-scaled.jpg\",\"width\":1080,\"height\":721,\"caption\":\"Franz\u00f6sische Fischgr\u00e4t Cinzento Custom Made_1\"},{\"@type\":\"BreadcrumbList\",\"@id\":\"https:\/\/www.cinzento.nl\/de\/holzboden\/franzosische-fischgrat\/#breadcrumb\",\"itemListElement\":[{\"@type\":\"ListItem\",\"position\":1,\"name\":\"Home\",\"item\":\"https:\/\/www.cinzento.nl\/de\/\"},{\"@type\":\"ListItem\",\"position\":2,\"name\":\"Holzboden\",\"item\":\"https:\/\/www.cinzento.nl\/de\/holzboden\/\"},{\"@type\":\"ListItem\",\"position\":3,\"name\":\"Franz\u00f6sische Fischgr\u00e4t\"}]},{\"@type\":\"WebSite\",\"@id\":\"https:\/\/cinzento.nl\/#website\",\"url\":\"https:\/\/cinzento.nl\/\",\"name\":\"Cinzento Custom Made\u00ae\",\"description\":\"H\u00e8t merk voor exclusieve houten vloeren\",\"publisher\":{\"@id\":\"https:\/\/cinzento.nl\/#organization\"},\"alternateName\":\"Cinzento\",\"potentialAction\":[{\"@type\":\"SearchAction\",\"target\":{\"@type\":\"EntryPoint\",\"urlTemplate\":\"https:\/\/cinzento.nl\/?s={search_term_string}\"},\"query-input\":{\"@type\":\"PropertyValueSpecification\",\"valueRequired\":true,\"valueName\":\"search_term_string\"}}],\"inLanguage\":\"de\"},{\"@type\":\"Organization\",\"@id\":\"https:\/\/cinzento.nl\/#organization\",\"name\":\"Cinzento Custom Made\u00ae\",\"alternateName\":\"Cinzento\",\"url\":\"https:\/\/cinzento.nl\/\",\"logo\":{\"@type\":\"ImageObject\",\"inLanguage\":\"de\",\"@id\":\"https:\/\/cinzento.nl\/#\/schema\/logo\/image\/\",\"url\":\"https:\/\/www.cinzento.nl\/wp-content\/uploads\/2020\/11\/Cinzento-Logo.png\",\"contentUrl\":\"https:\/\/www.cinzento.nl\/wp-content\/uploads\/2020\/11\/Cinzento-Logo.png\",\"width\":1080,\"height\":433,\"caption\":\"Cinzento Custom Made\u00ae\"},\"image\":{\"@id\":\"https:\/\/cinzento.nl\/#\/schema\/logo\/image\/\"},\"sameAs\":[\"https:\/\/www.facebook.com\/CinzentoCustomMade\",\"https:\/\/www.instagram.com\/cinzentocustommade\/\",\"https:\/\/nl.pinterest.com\/Cinzentocustommade\/\",\"https:\/\/g.co\/kgs\/j5zwLTs\",\"https:\/\/www.wonen.nl\/bedrijf\/cinzento-custom-made\",\"https:\/\/www.hoog.design\/nl\/bedrijven\/cinzento-custom-made\"]}]}<\/script>\n<!-- \/ Yoast SEO plugin. -->","yoast_head_json":{"title":"Franz\u00f6sische Fischgr\u00e4t von Cinzento Custom Made\u00ae","description":"Sind Sie neugierig auf die M\u00f6glichkeiten eines Franz\u00f6sische Fischgr\u00e4t von Cinzento Custom Made\u00ae? Besuchen Sie unserer website!","robots":{"index":"index","follow":"follow","max-snippet":"max-snippet:-1","max-image-preview":"max-image-preview:large","max-video-preview":"max-video-preview:-1"},"canonical":"https:\/\/www.cinzento.nl\/de\/holzboden\/franzosische-fischgrat\/","og_locale":"de_DE","og_type":"article","og_title":"Franz\u00f6sische Fischgr\u00e4t von Cinzento Custom Made\u00ae","og_description":"Sind Sie neugierig auf die M\u00f6glichkeiten eines Franz\u00f6sische Fischgr\u00e4t von Cinzento Custom Made\u00ae? Besuchen Sie unserer website!","og_url":"https:\/\/www.cinzento.nl\/de\/holzboden\/franzosische-fischgrat\/","og_site_name":"Cinzento Custom Made","article_publisher":"https:\/\/www.facebook.com\/CinzentoCustomMade","article_modified_time":"2021-01-26T11:14:23+00:00","og_image":[{"width":1080,"height":721,"url":"https:\/\/cinzento.nl\/wp-content\/uploads\/2020\/12\/Hongaarse-punt-Cinzento-Custom-Made_1-scaled.jpg","type":"image\/jpeg"}],"twitter_card":"summary_large_image","twitter_misc":{"Gesch\u00e4tzte Lesezeit":"1\u00a0Minute"},"schema":{"@context":"https:\/\/schema.org","@graph":[{"@type":"WebPage","@id":"https:\/\/www.cinzento.nl\/de\/holzboden\/franzosische-fischgrat\/","url":"https:\/\/www.cinzento.nl\/de\/holzboden\/franzosische-fischgrat\/","name":"Franz\u00f6sische Fischgr\u00e4t von Cinzento Custom Made\u00ae","isPartOf":{"@id":"https:\/\/cinzento.nl\/#website"},"primaryImageOfPage":{"@id":"https:\/\/www.cinzento.nl\/de\/holzboden\/franzosische-fischgrat\/#primaryimage"},"image":{"@id":"https:\/\/www.cinzento.nl\/de\/holzboden\/franzosische-fischgrat\/#primaryimage"},"thumbnailUrl":"https:\/\/www.cinzento.nl\/wp-content\/uploads\/2020\/12\/Hongaarse-punt-Cinzento-Custom-Made_1-scaled.jpg","datePublished":"2020-12-04T09:46:33+00:00","dateModified":"2021-01-26T11:14:23+00:00","description":"Sind Sie neugierig auf die M\u00f6glichkeiten eines Franz\u00f6sische Fischgr\u00e4t von Cinzento Custom Made\u00ae? Besuchen Sie unserer website!","breadcrumb":{"@id":"https:\/\/www.cinzento.nl\/de\/holzboden\/franzosische-fischgrat\/#breadcrumb"},"inLanguage":"de","potentialAction":[{"@type":"ReadAction","target":["https:\/\/www.cinzento.nl\/de\/holzboden\/franzosische-fischgrat\/"]}]},{"@type":"ImageObject","inLanguage":"de","@id":"https:\/\/www.cinzento.nl\/de\/holzboden\/franzosische-fischgrat\/#primaryimage","url":"https:\/\/www.cinzento.nl\/wp-content\/uploads\/2020\/12\/Hongaarse-punt-Cinzento-Custom-Made_1-scaled.jpg","contentUrl":"https:\/\/www.cinzento.nl\/wp-content\/uploads\/2020\/12\/Hongaarse-punt-Cinzento-Custom-Made_1-scaled.jpg","width":1080,"height":721,"caption":"Franz\u00f6sische Fischgr\u00e4t Cinzento Custom Made_1"},{"@type":"BreadcrumbList","@id":"https:\/\/www.cinzento.nl\/de\/holzboden\/franzosische-fischgrat\/#breadcrumb","itemListElement":[{"@type":"ListItem","position":1,"name":"Home","item":"https:\/\/www.cinzento.nl\/de\/"},{"@type":"ListItem","position":2,"name":"Holzboden","item":"https:\/\/www.cinzento.nl\/de\/holzboden\/"},{"@type":"ListItem","position":3,"name":"Franz\u00f6sische Fischgr\u00e4t"}]},{"@type":"WebSite","@id":"https:\/\/cinzento.nl\/#website","url":"https:\/\/cinzento.nl\/","name":"Cinzento Custom Made\u00ae","description":"H\u00e8t merk voor exclusieve houten vloeren","publisher":{"@id":"https:\/\/cinzento.nl\/#organization"},"alternateName":"Cinzento","potentialAction":[{"@type":"SearchAction","target":{"@type":"EntryPoint","urlTemplate":"https:\/\/cinzento.nl\/?s={search_term_string}"},"query-input":{"@type":"PropertyValueSpecification","valueRequired":true,"valueName":"search_term_string"}}],"inLanguage":"de"},{"@type":"Organization","@id":"https:\/\/cinzento.nl\/#organization","name":"Cinzento Custom Made\u00ae","alternateName":"Cinzento","url":"https:\/\/cinzento.nl\/","logo":{"@type":"ImageObject","inLanguage":"de","@id":"https:\/\/cinzento.nl\/#\/schema\/logo\/image\/","url":"https:\/\/www.cinzento.nl\/wp-content\/uploads\/2020\/11\/Cinzento-Logo.png","contentUrl":"https:\/\/www.cinzento.nl\/wp-content\/uploads\/2020\/11\/Cinzento-Logo.png","width":1080,"height":433,"caption":"Cinzento Custom Made\u00ae"},"image":{"@id":"https:\/\/cinzento.nl\/#\/schema\/logo\/image\/"},"sameAs":["https:\/\/www.facebook.com\/CinzentoCustomMade","https:\/\/www.instagram.com\/cinzentocustommade\/","https:\/\/nl.pinterest.com\/Cinzentocustommade\/","https:\/\/g.co\/kgs\/j5zwLTs","https:\/\/www.wonen.nl\/bedrijf\/cinzento-custom-made","https:\/\/www.hoog.design\/nl\/bedrijven\/cinzento-custom-made"]}]}},"_links":{"self":[{"href":"https:\/\/www.cinzento.nl\/de\/wp-json\/wp\/v2\/pages\/2233","targetHints":{"allow":["GET"]}}],"collection":[{"href":"https:\/\/www.cinzento.nl\/de\/wp-json\/wp\/v2\/pages"}],"about":[{"href":"https:\/\/www.cinzento.nl\/de\/wp-json\/wp\/v2\/types\/page"}],"author":[{"embeddable":true,"href":"https:\/\/www.cinzento.nl\/de\/wp-json\/wp\/v2\/users\/2"}],"replies":[{"embeddable":true,"href":"https:\/\/www.cinzento.nl\/de\/wp-json\/wp\/v2\/comments?post=2233"}],"version-history":[{"count":2,"href":"https:\/\/www.cinzento.nl\/de\/wp-json\/wp\/v2\/pages\/2233\/revisions"}],"predecessor-version":[{"id":2692,"href":"https:\/\/www.cinzento.nl\/de\/wp-json\/wp\/v2\/pages\/2233\/revisions\/2692"}],"up":[{"embeddable":true,"href":"https:\/\/www.cinzento.nl\/de\/wp-json\/wp\/v2\/pages\/2227"}],"wp:featuredmedia":[{"embeddable":true,"href":"https:\/\/www.cinzento.nl\/de\/wp-json\/wp\/v2\/media\/1739"}],"wp:attachment":[{"href":"https:\/\/www.cinzento.nl\/de\/wp-json\/wp\/v2\/media?parent=2233"}],"curies":[{"name":"wp","href":"https:\/\/api.w.org\/{rel}","templated":true}]}}