{"id":7281,"date":"2022-05-19T14:59:19","date_gmt":"2022-05-19T13:59:19","guid":{"rendered":"https:\/\/www.cinzento.nl\/?page_id=7281"},"modified":"2023-09-22T09:53:17","modified_gmt":"2023-09-22T07:53:17","slug":"cinzento-display","status":"publish","type":"page","link":"https:\/\/www.cinzento.nl\/de\/alles-uber-holzboden\/cinzento-display\/","title":{"rendered":"Cinzento Display"},"content":{"rendered":"\t\t<div data-elementor-type=\"wp-page\" data-elementor-id=\"7281\" class=\"elementor elementor-7281 elementor-7280\" data-elementor-post-type=\"page\">\n\t\t\t\t\t\t<section class=\"elementor-section elementor-top-section elementor-element elementor-element-4f55f76 elementor-section-boxed elementor-section-height-default elementor-section-height-default\" data-id=\"4f55f76\" data-element_type=\"section\" data-settings=\"{&quot;background_background&quot;:&quot;classic&quot;}\">\n\t\t\t\t\t\t<div class=\"elementor-container elementor-column-gap-default\">\n\t\t\t\t\t<div class=\"elementor-column elementor-col-50 elementor-top-column elementor-element elementor-element-86b0d35\" data-id=\"86b0d35\" data-element_type=\"column\" data-settings=\"{&quot;background_background&quot;:&quot;classic&quot;}\">\n\t\t\t<div class=\"elementor-widget-wrap elementor-element-populated\">\n\t\t\t\t\t\t<div class=\"elementor-element elementor-element-9b05677 elementor-widget elementor-widget-heading\" data-id=\"9b05677\" data-element_type=\"widget\" data-widget_type=\"heading.default\">\n\t\t\t\t\t<h1 class=\"elementor-heading-title elementor-size-default\">Cinzento <br><b>Pr\u00e4sentationsdisplay<\/b>\n<\/h1>\t\t\t\t<\/div>\n\t\t\t\t\t<\/div>\n\t\t<\/div>\n\t\t\t\t<div class=\"elementor-column elementor-col-50 elementor-top-column elementor-element elementor-element-7c2111a\" data-id=\"7c2111a\" data-element_type=\"column\" data-settings=\"{&quot;background_background&quot;:&quot;classic&quot;}\">\n\t\t\t<div class=\"elementor-widget-wrap\">\n\t\t\t\t\t\t\t<\/div>\n\t\t<\/div>\n\t\t\t\t\t<\/div>\n\t\t<\/section>\n\t\t\t\t<section class=\"elementor-section elementor-top-section elementor-element elementor-element-74f6099 elementor-section-boxed elementor-section-height-default elementor-section-height-default\" data-id=\"74f6099\" data-element_type=\"section\" data-settings=\"{&quot;background_background&quot;:&quot;classic&quot;}\">\n\t\t\t\t\t\t<div class=\"elementor-container elementor-column-gap-default\">\n\t\t\t\t\t<div class=\"elementor-column elementor-col-100 elementor-top-column elementor-element elementor-element-43687ff\" data-id=\"43687ff\" data-element_type=\"column\">\n\t\t\t<div class=\"elementor-widget-wrap\">\n\t\t\t\t\t\t\t<\/div>\n\t\t<\/div>\n\t\t\t\t\t<\/div>\n\t\t<\/section>\n\t\t\t\t<section class=\"elementor-section elementor-top-section elementor-element elementor-element-cd0fa2f elementor-section-boxed elementor-section-height-default elementor-section-height-default\" data-id=\"cd0fa2f\" data-element_type=\"section\" data-settings=\"{&quot;background_background&quot;:&quot;classic&quot;}\">\n\t\t\t\t\t\t\t<div class=\"elementor-background-overlay\"><\/div>\n\t\t\t\t\t\t\t<div class=\"elementor-container elementor-column-gap-default\">\n\t\t\t\t\t<div class=\"elementor-column elementor-col-50 elementor-top-column elementor-element elementor-element-ca3d4c3\" data-id=\"ca3d4c3\" data-element_type=\"column\" data-settings=\"{&quot;background_background&quot;:&quot;classic&quot;}\">\n\t\t\t<div class=\"elementor-widget-wrap elementor-element-populated\">\n\t\t\t\t\t\t<div class=\"elementor-element elementor-element-5ceb18c elementor-widget elementor-widget-image\" data-id=\"5ceb18c\" data-element_type=\"widget\" data-widget_type=\"image.default\">\n\t\t\t\t\t\t\t\t\t\t\t\t\t\t\t<img fetchpriority=\"high\" decoding=\"async\" width=\"800\" height=\"600\" src=\"https:\/\/www.cinzento.nl\/wp-content\/uploads\/2022\/05\/Cinzento-Display-2.png\" class=\"attachment-large size-large wp-image-7219\" alt=\"Cinzento Display 2\" srcset=\"https:\/\/www.cinzento.nl\/wp-content\/uploads\/2022\/05\/Cinzento-Display-2.png 1080w, https:\/\/www.cinzento.nl\/wp-content\/uploads\/2022\/05\/Cinzento-Display-2-300x225.png 300w, https:\/\/www.cinzento.nl\/wp-content\/uploads\/2022\/05\/Cinzento-Display-2-768x576.png 768w\" sizes=\"(max-width: 800px) 100vw, 800px\" \/>\t\t\t\t\t\t\t\t\t\t\t\t\t\t\t<\/div>\n\t\t\t\t\t<\/div>\n\t\t<\/div>\n\t\t\t\t<div class=\"elementor-column elementor-col-50 elementor-top-column elementor-element elementor-element-571c8e3\" data-id=\"571c8e3\" data-element_type=\"column\" data-settings=\"{&quot;background_background&quot;:&quot;classic&quot;}\">\n\t\t\t<div class=\"elementor-widget-wrap elementor-element-populated\">\n\t\t\t\t\t\t<div class=\"elementor-element elementor-element-3b84635 elementor-widget-divider--view-line_text elementor-widget-divider--element-align-left elementor-widget elementor-widget-divider\" data-id=\"3b84635\" data-element_type=\"widget\" data-widget_type=\"divider.default\">\n\t\t\t\t\t\t\t<div class=\"elementor-divider\">\n\t\t\t<span class=\"elementor-divider-separator\">\n\t\t\t\t\t\t\t<h2 class=\"elementor-divider__text elementor-divider__element\">\n\t\t\t\tInnovation ist <b>eine Notwendigkeit<\/b>\t\t\t\t<\/h2>\n\t\t\t\t\t\t<\/span>\n\t\t<\/div>\n\t\t\t\t\t\t<\/div>\n\t\t\t\t<div class=\"elementor-element elementor-element-4ec557c elementor-widget-divider--view-line elementor-widget elementor-widget-divider\" data-id=\"4ec557c\" data-element_type=\"widget\" data-widget_type=\"divider.default\">\n\t\t\t\t\t\t\t<div class=\"elementor-divider\">\n\t\t\t<span class=\"elementor-divider-separator\">\n\t\t\t\t\t\t<\/span>\n\t\t<\/div>\n\t\t\t\t\t\t<\/div>\n\t\t\t\t<div class=\"elementor-element elementor-element-e4ec8c6 elementor-widget elementor-widget-text-editor\" data-id=\"e4ec8c6\" data-element_type=\"widget\" data-widget_type=\"text-editor.default\">\n\t\t\t\t\t\t\t\t\t<p>Wir glauben, dass es wichtig ist, die Art und Weise, wie wir unsere Holzb\u00f6den pr\u00e4sentieren, st\u00e4ndig zu <strong>erneuern und zu verbessern<\/strong>.<\/p><p>Dies gibt unseren Cinzento-H\u00e4ndlern die M\u00f6glichkeit, ein <strong>neues<\/strong> <strong>Cinzento-Display<\/strong> zu erwerben.<\/p><p>In diesem neuen Display werden verschiedene Holzb\u00f6den von uns gezeigt und Sie haben eine sch\u00f6ne Draufsicht.<\/p><p>Dieses Display ist bei verschiedenen Cinzento-H\u00e4ndlern zu finden.<\/p>\t\t\t\t\t\t\t\t<\/div>\n\t\t\t\t\t<\/div>\n\t\t<\/div>\n\t\t\t\t\t<\/div>\n\t\t<\/section>\n\t\t\t\t<section class=\"elementor-section elementor-top-section elementor-element elementor-element-078c335 elementor-section-boxed elementor-section-height-default elementor-section-height-default\" data-id=\"078c335\" data-element_type=\"section\" data-settings=\"{&quot;background_background&quot;:&quot;classic&quot;}\">\n\t\t\t\t\t\t<div class=\"elementor-container elementor-column-gap-default\">\n\t\t\t\t\t<div class=\"elementor-column elementor-col-100 elementor-top-column elementor-element elementor-element-e0619d6\" data-id=\"e0619d6\" data-element_type=\"column\" data-settings=\"{&quot;background_background&quot;:&quot;classic&quot;}\">\n\t\t\t<div class=\"elementor-widget-wrap elementor-element-populated\">\n\t\t\t\t\t\t<div class=\"elementor-element elementor-element-b6a652a elementor-widget-divider--view-line elementor-widget elementor-widget-divider\" data-id=\"b6a652a\" data-element_type=\"widget\" data-widget_type=\"divider.default\">\n\t\t\t\t\t\t\t<div class=\"elementor-divider\">\n\t\t\t<span class=\"elementor-divider-separator\">\n\t\t\t\t\t\t<\/span>\n\t\t<\/div>\n\t\t\t\t\t\t<\/div>\n\t\t\t\t<div class=\"elementor-element elementor-element-d0bb070 elementor-cta--skin-cover elementor-widget elementor-widget-call-to-action\" data-id=\"d0bb070\" data-element_type=\"widget\" data-widget_type=\"call-to-action.default\">\n\t\t\t\t\t\t\t<div class=\"elementor-cta\">\n\t\t\t\t\t<div class=\"elementor-cta__bg-wrapper\">\n\t\t\t\t<div class=\"elementor-cta__bg elementor-bg\" style=\"background-image: url(https:\/\/www.cinzento.nl\/wp-content\/uploads\/2021\/12\/Bedrijfsfoto_TG-Wood_23-scaled-e1640010835928.jpg);\" role=\"img\" aria-label=\"Cinzento Showroom\"><\/div>\n\t\t\t\t<div class=\"elementor-cta__bg-overlay\"><\/div>\n\t\t\t<\/div>\n\t\t\t\t\t\t\t<div class=\"elementor-cta__content\">\n\t\t\t\t\n\t\t\t\t\t\t\t\t\t<h2 class=\"elementor-cta__title elementor-cta__content-item elementor-content-item\">\n\t\t\t\t\t\tFinden Sie einen H\u00e4ndler in Ihrer N\u00e4he!\t\t\t\t\t<\/h2>\n\t\t\t\t\n\t\t\t\t\t\t\t\t\t<div class=\"elementor-cta__description elementor-cta__content-item elementor-content-item\">\n\t\t\t\t\t\tUnsere Cinzento-H\u00e4ndler sind im ganzen Land zu finden. Es gibt also immer einen H\u00e4ndler in Ihrer N\u00e4he.\t\t\t\t\t<\/div>\n\t\t\t\t\n\t\t\t\t\t\t\t\t\t<div class=\"elementor-cta__button-wrapper elementor-cta__content-item elementor-content-item \">\n\t\t\t\t\t<a class=\"elementor-cta__button elementor-button elementor-size-md\" href=\"https:\/\/www.cinzento.nl\/dealers\/\">\n\t\t\t\t\t\tH\u00e4ndler finden\t\t\t\t\t<\/a>\n\t\t\t\t\t<\/div>\n\t\t\t\t\t\t\t<\/div>\n\t\t\t\t\t\t<\/div>\n\t\t\t\t\t\t<\/div>\n\t\t\t\t<div class=\"elementor-element elementor-element-a8f18f9 elementor-widget-divider--view-line elementor-widget elementor-widget-divider\" data-id=\"a8f18f9\" data-element_type=\"widget\" data-widget_type=\"divider.default\">\n\t\t\t\t\t\t\t<div class=\"elementor-divider\">\n\t\t\t<span class=\"elementor-divider-separator\">\n\t\t\t\t\t\t<\/span>\n\t\t<\/div>\n\t\t\t\t\t\t<\/div>\n\t\t\t\t\t<\/div>\n\t\t<\/div>\n\t\t\t\t\t<\/div>\n\t\t<\/section>\n\t\t\t\t<\/div>\n\t\t","protected":false},"excerpt":{"rendered":"<p>Cinzento Pr\u00e4sentationsdisplay Innovation ist eine Notwendigkeit Wir glauben, dass es wichtig ist, die Art und Weise, wie wir unsere Holzb\u00f6den pr\u00e4sentieren, st\u00e4ndig zu erneuern und zu verbessern. Dies gibt unseren Cinzento-H\u00e4ndlern die M\u00f6glichkeit, ein neues Cinzento-Display zu erwerben. In diesem neuen Display werden verschiedene Holzb\u00f6den von uns gezeigt und Sie haben eine sch\u00f6ne Draufsicht. Dieses [&hellip;]<\/p>\n","protected":false},"author":2,"featured_media":7594,"parent":7355,"menu_order":0,"comment_status":"closed","ping_status":"closed","template":"","meta":{"footnotes":""},"class_list":["post-7281","page","type-page","status-publish","has-post-thumbnail","hentry"],"yoast_head":"<!-- This site is optimized with the Yoast SEO plugin v27.2 - https:\/\/yoast.com\/product\/yoast-seo-wordpress\/ -->\n<title>Holzb\u00f6den in einer erneuerten Cinzento-Ausstellung<\/title>\n<meta name=\"description\" content=\"Indem wir die Art und Weise, wie wir unsere Produkte pr\u00e4sentieren, st\u00e4ndig erneuern, k\u00f6nnen Sie sich ein besseres Bild von unseren B\u00f6den machen. Sehen Sie hier unser neues Display\" \/>\n<meta name=\"robots\" content=\"index, follow, max-snippet:-1, max-image-preview:large, max-video-preview:-1\" \/>\n<link rel=\"canonical\" href=\"https:\/\/www.cinzento.nl\/de\/alles-uber-holzboden\/cinzento-display\/\" \/>\n<meta property=\"og:locale\" content=\"de_DE\" \/>\n<meta property=\"og:type\" content=\"article\" \/>\n<meta property=\"og:title\" content=\"Holzb\u00f6den in einer erneuerten Cinzento-Ausstellung\" \/>\n<meta property=\"og:description\" content=\"Indem wir die Art und Weise, wie wir unsere Produkte pr\u00e4sentieren, st\u00e4ndig erneuern, k\u00f6nnen Sie sich ein besseres Bild von unseren B\u00f6den machen. Sehen Sie hier unser neues Display\" \/>\n<meta property=\"og:url\" content=\"https:\/\/www.cinzento.nl\/de\/alles-uber-holzboden\/cinzento-display\/\" \/>\n<meta property=\"og:site_name\" content=\"Cinzento Custom Made\" \/>\n<meta property=\"article:publisher\" content=\"https:\/\/www.facebook.com\/CinzentoCustomMade\" \/>\n<meta property=\"article:modified_time\" content=\"2023-09-22T07:53:17+00:00\" \/>\n<meta property=\"og:image\" content=\"https:\/\/cinzento.nl\/wp-content\/uploads\/2022\/05\/Banner-Cinzento-blog.jpg\" \/>\n\t<meta property=\"og:image:width\" content=\"1080\" \/>\n\t<meta property=\"og:image:height\" content=\"540\" \/>\n\t<meta property=\"og:image:type\" content=\"image\/jpeg\" \/>\n<meta name=\"twitter:card\" content=\"summary_large_image\" \/>\n<meta name=\"twitter:label1\" content=\"Gesch\u00e4tzte Lesezeit\" \/>\n\t<meta name=\"twitter:data1\" content=\"1\u00a0Minute\" \/>\n<script type=\"application\/ld+json\" class=\"yoast-schema-graph\">{\"@context\":\"https:\/\/schema.org\",\"@graph\":[{\"@type\":\"WebPage\",\"@id\":\"https:\/\/www.cinzento.nl\/de\/alles-uber-holzboden\/cinzento-display\/\",\"url\":\"https:\/\/www.cinzento.nl\/de\/alles-uber-holzboden\/cinzento-display\/\",\"name\":\"Holzb\u00f6den in einer erneuerten Cinzento-Ausstellung\",\"isPartOf\":{\"@id\":\"https:\/\/cinzento.nl\/#website\"},\"primaryImageOfPage\":{\"@id\":\"https:\/\/www.cinzento.nl\/de\/alles-uber-holzboden\/cinzento-display\/#primaryimage\"},\"image\":{\"@id\":\"https:\/\/www.cinzento.nl\/de\/alles-uber-holzboden\/cinzento-display\/#primaryimage\"},\"thumbnailUrl\":\"https:\/\/www.cinzento.nl\/wp-content\/uploads\/2022\/05\/Banner-Cinzento-blog.jpg\",\"datePublished\":\"2022-05-19T13:59:19+00:00\",\"dateModified\":\"2023-09-22T07:53:17+00:00\",\"description\":\"Indem wir die Art und Weise, wie wir unsere Produkte pr\u00e4sentieren, st\u00e4ndig erneuern, k\u00f6nnen Sie sich ein besseres Bild von unseren B\u00f6den machen. Sehen Sie hier unser neues Display\",\"breadcrumb\":{\"@id\":\"https:\/\/www.cinzento.nl\/de\/alles-uber-holzboden\/cinzento-display\/#breadcrumb\"},\"inLanguage\":\"de\",\"potentialAction\":[{\"@type\":\"ReadAction\",\"target\":[\"https:\/\/www.cinzento.nl\/de\/alles-uber-holzboden\/cinzento-display\/\"]}]},{\"@type\":\"ImageObject\",\"inLanguage\":\"de\",\"@id\":\"https:\/\/www.cinzento.nl\/de\/alles-uber-holzboden\/cinzento-display\/#primaryimage\",\"url\":\"https:\/\/www.cinzento.nl\/wp-content\/uploads\/2022\/05\/Banner-Cinzento-blog.jpg\",\"contentUrl\":\"https:\/\/www.cinzento.nl\/wp-content\/uploads\/2022\/05\/Banner-Cinzento-blog.jpg\",\"width\":1080,\"height\":540,\"caption\":\"Banner Cinzento blog\"},{\"@type\":\"BreadcrumbList\",\"@id\":\"https:\/\/www.cinzento.nl\/de\/alles-uber-holzboden\/cinzento-display\/#breadcrumb\",\"itemListElement\":[{\"@type\":\"ListItem\",\"position\":1,\"name\":\"Home\",\"item\":\"https:\/\/www.cinzento.nl\/de\/\"},{\"@type\":\"ListItem\",\"position\":2,\"name\":\"Alles \u00fcber Holzboden\",\"item\":\"https:\/\/www.cinzento.nl\/de\/alles-uber-holzboden\/\"},{\"@type\":\"ListItem\",\"position\":3,\"name\":\"Cinzento Display\"}]},{\"@type\":\"WebSite\",\"@id\":\"https:\/\/cinzento.nl\/#website\",\"url\":\"https:\/\/cinzento.nl\/\",\"name\":\"Cinzento Custom Made\u00ae\",\"description\":\"H\u00e8t merk voor exclusieve houten vloeren\",\"publisher\":{\"@id\":\"https:\/\/cinzento.nl\/#organization\"},\"alternateName\":\"Cinzento\",\"potentialAction\":[{\"@type\":\"SearchAction\",\"target\":{\"@type\":\"EntryPoint\",\"urlTemplate\":\"https:\/\/cinzento.nl\/?s={search_term_string}\"},\"query-input\":{\"@type\":\"PropertyValueSpecification\",\"valueRequired\":true,\"valueName\":\"search_term_string\"}}],\"inLanguage\":\"de\"},{\"@type\":\"Organization\",\"@id\":\"https:\/\/cinzento.nl\/#organization\",\"name\":\"Cinzento Custom Made\u00ae\",\"alternateName\":\"Cinzento\",\"url\":\"https:\/\/cinzento.nl\/\",\"logo\":{\"@type\":\"ImageObject\",\"inLanguage\":\"de\",\"@id\":\"https:\/\/cinzento.nl\/#\/schema\/logo\/image\/\",\"url\":\"https:\/\/www.cinzento.nl\/wp-content\/uploads\/2020\/11\/Cinzento-Logo.png\",\"contentUrl\":\"https:\/\/www.cinzento.nl\/wp-content\/uploads\/2020\/11\/Cinzento-Logo.png\",\"width\":1080,\"height\":433,\"caption\":\"Cinzento Custom Made\u00ae\"},\"image\":{\"@id\":\"https:\/\/cinzento.nl\/#\/schema\/logo\/image\/\"},\"sameAs\":[\"https:\/\/www.facebook.com\/CinzentoCustomMade\",\"https:\/\/www.instagram.com\/cinzentocustommade\/\",\"https:\/\/nl.pinterest.com\/Cinzentocustommade\/\",\"https:\/\/g.co\/kgs\/j5zwLTs\",\"https:\/\/www.wonen.nl\/bedrijf\/cinzento-custom-made\",\"https:\/\/www.hoog.design\/nl\/bedrijven\/cinzento-custom-made\"]}]}<\/script>\n<!-- \/ Yoast SEO plugin. -->","yoast_head_json":{"title":"Holzb\u00f6den in einer erneuerten Cinzento-Ausstellung","description":"Indem wir die Art und Weise, wie wir unsere Produkte pr\u00e4sentieren, st\u00e4ndig erneuern, k\u00f6nnen Sie sich ein besseres Bild von unseren B\u00f6den machen. Sehen Sie hier unser neues Display","robots":{"index":"index","follow":"follow","max-snippet":"max-snippet:-1","max-image-preview":"max-image-preview:large","max-video-preview":"max-video-preview:-1"},"canonical":"https:\/\/www.cinzento.nl\/de\/alles-uber-holzboden\/cinzento-display\/","og_locale":"de_DE","og_type":"article","og_title":"Holzb\u00f6den in einer erneuerten Cinzento-Ausstellung","og_description":"Indem wir die Art und Weise, wie wir unsere Produkte pr\u00e4sentieren, st\u00e4ndig erneuern, k\u00f6nnen Sie sich ein besseres Bild von unseren B\u00f6den machen. Sehen Sie hier unser neues Display","og_url":"https:\/\/www.cinzento.nl\/de\/alles-uber-holzboden\/cinzento-display\/","og_site_name":"Cinzento Custom Made","article_publisher":"https:\/\/www.facebook.com\/CinzentoCustomMade","article_modified_time":"2023-09-22T07:53:17+00:00","og_image":[{"width":1080,"height":540,"url":"https:\/\/cinzento.nl\/wp-content\/uploads\/2022\/05\/Banner-Cinzento-blog.jpg","type":"image\/jpeg"}],"twitter_card":"summary_large_image","twitter_misc":{"Gesch\u00e4tzte Lesezeit":"1\u00a0Minute"},"schema":{"@context":"https:\/\/schema.org","@graph":[{"@type":"WebPage","@id":"https:\/\/www.cinzento.nl\/de\/alles-uber-holzboden\/cinzento-display\/","url":"https:\/\/www.cinzento.nl\/de\/alles-uber-holzboden\/cinzento-display\/","name":"Holzb\u00f6den in einer erneuerten Cinzento-Ausstellung","isPartOf":{"@id":"https:\/\/cinzento.nl\/#website"},"primaryImageOfPage":{"@id":"https:\/\/www.cinzento.nl\/de\/alles-uber-holzboden\/cinzento-display\/#primaryimage"},"image":{"@id":"https:\/\/www.cinzento.nl\/de\/alles-uber-holzboden\/cinzento-display\/#primaryimage"},"thumbnailUrl":"https:\/\/www.cinzento.nl\/wp-content\/uploads\/2022\/05\/Banner-Cinzento-blog.jpg","datePublished":"2022-05-19T13:59:19+00:00","dateModified":"2023-09-22T07:53:17+00:00","description":"Indem wir die Art und Weise, wie wir unsere Produkte pr\u00e4sentieren, st\u00e4ndig erneuern, k\u00f6nnen Sie sich ein besseres Bild von unseren B\u00f6den machen. Sehen Sie hier unser neues Display","breadcrumb":{"@id":"https:\/\/www.cinzento.nl\/de\/alles-uber-holzboden\/cinzento-display\/#breadcrumb"},"inLanguage":"de","potentialAction":[{"@type":"ReadAction","target":["https:\/\/www.cinzento.nl\/de\/alles-uber-holzboden\/cinzento-display\/"]}]},{"@type":"ImageObject","inLanguage":"de","@id":"https:\/\/www.cinzento.nl\/de\/alles-uber-holzboden\/cinzento-display\/#primaryimage","url":"https:\/\/www.cinzento.nl\/wp-content\/uploads\/2022\/05\/Banner-Cinzento-blog.jpg","contentUrl":"https:\/\/www.cinzento.nl\/wp-content\/uploads\/2022\/05\/Banner-Cinzento-blog.jpg","width":1080,"height":540,"caption":"Banner Cinzento blog"},{"@type":"BreadcrumbList","@id":"https:\/\/www.cinzento.nl\/de\/alles-uber-holzboden\/cinzento-display\/#breadcrumb","itemListElement":[{"@type":"ListItem","position":1,"name":"Home","item":"https:\/\/www.cinzento.nl\/de\/"},{"@type":"ListItem","position":2,"name":"Alles \u00fcber Holzboden","item":"https:\/\/www.cinzento.nl\/de\/alles-uber-holzboden\/"},{"@type":"ListItem","position":3,"name":"Cinzento Display"}]},{"@type":"WebSite","@id":"https:\/\/cinzento.nl\/#website","url":"https:\/\/cinzento.nl\/","name":"Cinzento Custom Made\u00ae","description":"H\u00e8t merk voor exclusieve houten vloeren","publisher":{"@id":"https:\/\/cinzento.nl\/#organization"},"alternateName":"Cinzento","potentialAction":[{"@type":"SearchAction","target":{"@type":"EntryPoint","urlTemplate":"https:\/\/cinzento.nl\/?s={search_term_string}"},"query-input":{"@type":"PropertyValueSpecification","valueRequired":true,"valueName":"search_term_string"}}],"inLanguage":"de"},{"@type":"Organization","@id":"https:\/\/cinzento.nl\/#organization","name":"Cinzento Custom Made\u00ae","alternateName":"Cinzento","url":"https:\/\/cinzento.nl\/","logo":{"@type":"ImageObject","inLanguage":"de","@id":"https:\/\/cinzento.nl\/#\/schema\/logo\/image\/","url":"https:\/\/www.cinzento.nl\/wp-content\/uploads\/2020\/11\/Cinzento-Logo.png","contentUrl":"https:\/\/www.cinzento.nl\/wp-content\/uploads\/2020\/11\/Cinzento-Logo.png","width":1080,"height":433,"caption":"Cinzento Custom Made\u00ae"},"image":{"@id":"https:\/\/cinzento.nl\/#\/schema\/logo\/image\/"},"sameAs":["https:\/\/www.facebook.com\/CinzentoCustomMade","https:\/\/www.instagram.com\/cinzentocustommade\/","https:\/\/nl.pinterest.com\/Cinzentocustommade\/","https:\/\/g.co\/kgs\/j5zwLTs","https:\/\/www.wonen.nl\/bedrijf\/cinzento-custom-made","https:\/\/www.hoog.design\/nl\/bedrijven\/cinzento-custom-made"]}]}},"_links":{"self":[{"href":"https:\/\/www.cinzento.nl\/de\/wp-json\/wp\/v2\/pages\/7281","targetHints":{"allow":["GET"]}}],"collection":[{"href":"https:\/\/www.cinzento.nl\/de\/wp-json\/wp\/v2\/pages"}],"about":[{"href":"https:\/\/www.cinzento.nl\/de\/wp-json\/wp\/v2\/types\/page"}],"author":[{"embeddable":true,"href":"https:\/\/www.cinzento.nl\/de\/wp-json\/wp\/v2\/users\/2"}],"replies":[{"embeddable":true,"href":"https:\/\/www.cinzento.nl\/de\/wp-json\/wp\/v2\/comments?post=7281"}],"version-history":[{"count":12,"href":"https:\/\/www.cinzento.nl\/de\/wp-json\/wp\/v2\/pages\/7281\/revisions"}],"predecessor-version":[{"id":12206,"href":"https:\/\/www.cinzento.nl\/de\/wp-json\/wp\/v2\/pages\/7281\/revisions\/12206"}],"up":[{"embeddable":true,"href":"https:\/\/www.cinzento.nl\/de\/wp-json\/wp\/v2\/pages\/7355"}],"wp:featuredmedia":[{"embeddable":true,"href":"https:\/\/www.cinzento.nl\/de\/wp-json\/wp\/v2\/media\/7594"}],"wp:attachment":[{"href":"https:\/\/www.cinzento.nl\/de\/wp-json\/wp\/v2\/media?parent=7281"}],"curies":[{"name":"wp","href":"https:\/\/api.w.org\/{rel}","templated":true}]}}